{"id":1805,"date":"2025-07-15T13:56:21","date_gmt":"2025-07-15T10:56:21","guid":{"rendered":"https:\/\/beautycharm.lt\/product\/g-m-collin-hydramucine-drekinanti-dulksna-50-ml\/"},"modified":"2025-08-12T23:19:14","modified_gmt":"2025-08-12T20:19:14","slug":"g-m-collin-hydramucine-drekinanti-dulksna-50-ml","status":"publish","type":"product","link":"https:\/\/beautycharm.lt\/en\/product\/g-m-collin-hydramucine-drekinanti-dulksna-50-ml\/","title":{"rendered":"G.M. COLLIN HYDRAMUCINE MOISTURIZING SPRAY, 50 ML"},"content":{"rendered":"<p>A facial mist that is suitable for protecting the skin from dehydration and restoring skin moisture.<\/p>\n<p>Advantages:<\/p>\n<p>\tSuitable for skin that needs long-lasting hydration and comfort.<br \/>\n\tEasy to use.<br \/>\n\tSuitable for skin that lacks tone and needs pH restoration.<br \/>\n\tSuitable for skin that needs revitalization.<\/p>\n<p>Ingredients:<\/p>\n<p>AQUA\/WATER\/EAU, BUTYLENE GLYCOL, PROPANEDIOL, ALOE BARBADENSIS LEAF JUICE, SODIUM PCA, ARGININE, ALLANTOIN, ASPARTIC ACID, PCA, CAPRYLHYDROXAMIC ACID, GLYCINE, ALANINE, SERINE, PANTHENOL, VALINE, ISOLEUCINE, PROLINE, THREONINE, HISTIDINE, PHENYLALANINE, BAMBUSA VULGARIS SHOOT EXTRACT, NELUMBO NUCIFERA FLOWER EXTRACT, NYMPHAEA ALBA ROOT EXTRACT, SODIUM HYALURONATE, POTASSIUM SORBATE, PHENOXYETHANOL, SODIUM BENZOATE, GLYCERIN, 1,2-HEXANEDIOL, PROPYLENE GLYCOL, SODIUM LACTATE, PEG-40 HYDROGENATED CASTOR OIL, PPG-26-BUTETH-26, FRAGRANCE\/PARFUM, HYDROGENATED STARCH HYDROLYSATE, TRIETHANOLAMINE, DISODIUM EDTA, CITRIC ACID<\/p>","protected":false},"excerpt":{"rendered":"<p>Veido dulksna, kuri tinkama norint apsaugoti od\u0105 nuo dehidratacijos bei atkurti odos dr\u0117gm\u0119. Privalumai: Tinka odai, kuriai norisi ilgalaikio dr\u0117kinimo bei komforto. Paprasta naudoti. Tinka odai, kuriai tr\u016bksta tono bei kuriai norisi atstatyti pH. Tinka odai, kuriai norisi atgaivinamojo poveikio. Sud\u0117tis: AQUA\/WATER\/EAU, BUTYLENE GLYCOL, PROPANEDIOL, ALOE BARBADENSIS LEAF JUICE, SODIUM PCA, ARGININE, ALLANTOIN, ASPARTIC ACID,<\/p>\n<div class=\"klb-readmore entry-button\"><a class=\"button light alt medium\" href=\"https:\/\/beautycharm.lt\/en\/product\/g-m-collin-hydramucine-drekinanti-dulksna-50-ml\/\">Read More<\/a><\/div>","protected":false},"featured_media":1806,"comment_status":"open","ping_status":"closed","template":"","meta":{"inline_featured_image":false},"product_brand":[83],"product_cat":[120],"product_tag":[],"class_list":{"0":"post-1805","1":"product","2":"type-product","3":"status-publish","4":"has-post-thumbnail","6":"product_brand-g-m-collin-lt","7":"product_cat-moterims-lt","9":"first","10":"instock","11":"shipping-taxable","12":"purchasable","13":"product-type-simple"},"yoast_head":"<!-- This site is optimized with the Yoast SEO plugin v27.4 - https:\/\/yoast.com\/product\/yoast-seo-wordpress\/ -->\n<title>G.M. COLLIN HYDRAMUCINE DR\u0116KINANTI DULKSNA, 50 ML - Beauty Charm<\/title>\n<meta name=\"robots\" content=\"index, follow, max-snippet:-1, max-image-preview:large, max-video-preview:-1\" \/>\n<link rel=\"canonical\" href=\"https:\/\/beautycharm.lt\/en\/product\/g-m-collin-hydramucine-drekinanti-dulksna-50-ml\/\" \/>\n<meta property=\"og:locale\" content=\"en_US\" \/>\n<meta property=\"og:type\" content=\"article\" \/>\n<meta property=\"og:title\" content=\"G.M. COLLIN HYDRAMUCINE DR\u0116KINANTI DULKSNA, 50 ML - Beauty Charm\" \/>\n<meta property=\"og:description\" content=\"Veido dulksna, kuri tinkama norint apsaugoti od\u0105 nuo dehidratacijos bei atkurti odos dr\u0117gm\u0119. Privalumai: Tinka odai, kuriai norisi ilgalaikio dr\u0117kinimo bei komforto. Paprasta naudoti. Tinka odai, kuriai tr\u016bksta tono bei kuriai norisi atstatyti pH. Tinka odai, kuriai norisi atgaivinamojo poveikio. Sud\u0117tis: AQUA\/WATER\/EAU, BUTYLENE GLYCOL, PROPANEDIOL, ALOE BARBADENSIS LEAF JUICE, SODIUM PCA, ARGININE, ALLANTOIN, ASPARTIC ACID,Read More\" \/>\n<meta property=\"og:url\" content=\"https:\/\/beautycharm.lt\/en\/product\/g-m-collin-hydramucine-drekinanti-dulksna-50-ml\/\" \/>\n<meta property=\"og:site_name\" content=\"Beauty Charm\" \/>\n<meta property=\"article:publisher\" content=\"https:\/\/www.facebook.com\/faceandbodylines\/\" \/>\n<meta property=\"article:modified_time\" content=\"2025-08-12T20:19:14+00:00\" \/>\n<meta property=\"og:image\" content=\"https:\/\/beautycharm.lt\/wp-content\/uploads\/2025\/07\/g-m-collin-hydramucine-drekinanti-dulksna-50-ml.jpg\" \/>\n\t<meta property=\"og:image:width\" content=\"1563\" \/>\n\t<meta property=\"og:image:height\" content=\"1563\" \/>\n\t<meta property=\"og:image:type\" content=\"image\/jpeg\" \/>\n<meta name=\"twitter:card\" content=\"summary_large_image\" \/>\n<meta name=\"twitter:label1\" content=\"Est. reading time\" \/>\n\t<meta name=\"twitter:data1\" content=\"1 minute\" \/>\n<script type=\"application\/ld+json\" class=\"yoast-schema-graph\">{\"@context\":\"https:\\\/\\\/schema.org\",\"@graph\":[{\"@type\":\"WebPage\",\"@id\":\"https:\\\/\\\/beautycharm.lt\\\/produktas\\\/g-m-collin-hydramucine-drekinanti-dulksna-50-ml\\\/\",\"url\":\"https:\\\/\\\/beautycharm.lt\\\/produktas\\\/g-m-collin-hydramucine-drekinanti-dulksna-50-ml\\\/\",\"name\":\"G.M. COLLIN HYDRAMUCINE DR\u0116KINANTI DULKSNA, 50 ML - Beauty Charm\",\"isPartOf\":{\"@id\":\"https:\\\/\\\/beautycharm.lt\\\/#website\"},\"primaryImageOfPage\":{\"@id\":\"https:\\\/\\\/beautycharm.lt\\\/produktas\\\/g-m-collin-hydramucine-drekinanti-dulksna-50-ml\\\/#primaryimage\"},\"image\":{\"@id\":\"https:\\\/\\\/beautycharm.lt\\\/produktas\\\/g-m-collin-hydramucine-drekinanti-dulksna-50-ml\\\/#primaryimage\"},\"thumbnailUrl\":\"https:\\\/\\\/beautycharm.lt\\\/wp-content\\\/uploads\\\/2025\\\/07\\\/g-m-collin-hydramucine-drekinanti-dulksna-50-ml.jpg\",\"datePublished\":\"2025-07-15T10:56:21+00:00\",\"dateModified\":\"2025-08-12T20:19:14+00:00\",\"breadcrumb\":{\"@id\":\"https:\\\/\\\/beautycharm.lt\\\/produktas\\\/g-m-collin-hydramucine-drekinanti-dulksna-50-ml\\\/#breadcrumb\"},\"inLanguage\":\"en-US\",\"potentialAction\":[{\"@type\":\"ReadAction\",\"target\":[\"https:\\\/\\\/beautycharm.lt\\\/produktas\\\/g-m-collin-hydramucine-drekinanti-dulksna-50-ml\\\/\"]}]},{\"@type\":\"ImageObject\",\"inLanguage\":\"en-US\",\"@id\":\"https:\\\/\\\/beautycharm.lt\\\/produktas\\\/g-m-collin-hydramucine-drekinanti-dulksna-50-ml\\\/#primaryimage\",\"url\":\"https:\\\/\\\/beautycharm.lt\\\/wp-content\\\/uploads\\\/2025\\\/07\\\/g-m-collin-hydramucine-drekinanti-dulksna-50-ml.jpg\",\"contentUrl\":\"https:\\\/\\\/beautycharm.lt\\\/wp-content\\\/uploads\\\/2025\\\/07\\\/g-m-collin-hydramucine-drekinanti-dulksna-50-ml.jpg\",\"width\":1563,\"height\":1563},{\"@type\":\"BreadcrumbList\",\"@id\":\"https:\\\/\\\/beautycharm.lt\\\/produktas\\\/g-m-collin-hydramucine-drekinanti-dulksna-50-ml\\\/#breadcrumb\",\"itemListElement\":[{\"@type\":\"ListItem\",\"position\":1,\"name\":\"Home\",\"item\":\"https:\\\/\\\/beautycharm.lt\\\/\"},{\"@type\":\"ListItem\",\"position\":2,\"name\":\"Parduotuv\u0117\",\"item\":\"https:\\\/\\\/beautycharm.lt\\\/parduotuve\\\/\"},{\"@type\":\"ListItem\",\"position\":3,\"name\":\"G.M. COLLIN HYDRAMUCINE DR\u0116KINANTI DULKSNA, 50 ML\"}]},{\"@type\":\"WebSite\",\"@id\":\"https:\\\/\\\/beautycharm.lt\\\/#website\",\"url\":\"https:\\\/\\\/beautycharm.lt\\\/\",\"name\":\"Beauty Charm\",\"description\":\"Odos prie\u017ei\u016bra vyrams ir moterims\",\"publisher\":{\"@id\":\"https:\\\/\\\/beautycharm.lt\\\/#organization\"},\"potentialAction\":[{\"@type\":\"SearchAction\",\"target\":{\"@type\":\"EntryPoint\",\"urlTemplate\":\"https:\\\/\\\/beautycharm.lt\\\/?s={search_term_string}\"},\"query-input\":{\"@type\":\"PropertyValueSpecification\",\"valueRequired\":true,\"valueName\":\"search_term_string\"}}],\"inLanguage\":\"en-US\"},{\"@type\":\"Organization\",\"@id\":\"https:\\\/\\\/beautycharm.lt\\\/#organization\",\"name\":\"Beauty Charm\",\"url\":\"https:\\\/\\\/beautycharm.lt\\\/\",\"logo\":{\"@type\":\"ImageObject\",\"inLanguage\":\"en-US\",\"@id\":\"https:\\\/\\\/beautycharm.lt\\\/#\\\/schema\\\/logo\\\/image\\\/\",\"url\":\"https:\\\/\\\/beautycharm.lt\\\/wp-content\\\/uploads\\\/2025\\\/08\\\/BeautyCharm_t_s-1.svg\",\"contentUrl\":\"https:\\\/\\\/beautycharm.lt\\\/wp-content\\\/uploads\\\/2025\\\/08\\\/BeautyCharm_t_s-1.svg\",\"width\":148,\"height\":64,\"caption\":\"Beauty Charm\"},\"image\":{\"@id\":\"https:\\\/\\\/beautycharm.lt\\\/#\\\/schema\\\/logo\\\/image\\\/\"},\"sameAs\":[\"https:\\\/\\\/www.facebook.com\\\/faceandbodylines\\\/\",\"https:\\\/\\\/www.instagram.com\\\/the_house_of_charm\\\/\"]}]}<\/script>\n<!-- \/ Yoast SEO plugin. -->","yoast_head_json":{"title":"G.M. COLLIN HYDRAMUCINE DR\u0116KINANTI DULKSNA, 50 ML - Beauty Charm","robots":{"index":"index","follow":"follow","max-snippet":"max-snippet:-1","max-image-preview":"max-image-preview:large","max-video-preview":"max-video-preview:-1"},"canonical":"https:\/\/beautycharm.lt\/en\/product\/g-m-collin-hydramucine-drekinanti-dulksna-50-ml\/","og_locale":"en_US","og_type":"article","og_title":"G.M. COLLIN HYDRAMUCINE DR\u0116KINANTI DULKSNA, 50 ML - Beauty Charm","og_description":"Veido dulksna, kuri tinkama norint apsaugoti od\u0105 nuo dehidratacijos bei atkurti odos dr\u0117gm\u0119. Privalumai: Tinka odai, kuriai norisi ilgalaikio dr\u0117kinimo bei komforto. Paprasta naudoti. Tinka odai, kuriai tr\u016bksta tono bei kuriai norisi atstatyti pH. Tinka odai, kuriai norisi atgaivinamojo poveikio. Sud\u0117tis: AQUA\/WATER\/EAU, BUTYLENE GLYCOL, PROPANEDIOL, ALOE BARBADENSIS LEAF JUICE, SODIUM PCA, ARGININE, ALLANTOIN, ASPARTIC ACID,Read More","og_url":"https:\/\/beautycharm.lt\/en\/product\/g-m-collin-hydramucine-drekinanti-dulksna-50-ml\/","og_site_name":"Beauty Charm","article_publisher":"https:\/\/www.facebook.com\/faceandbodylines\/","article_modified_time":"2025-08-12T20:19:14+00:00","og_image":[{"width":1563,"height":1563,"url":"https:\/\/beautycharm.lt\/wp-content\/uploads\/2025\/07\/g-m-collin-hydramucine-drekinanti-dulksna-50-ml.jpg","type":"image\/jpeg"}],"twitter_card":"summary_large_image","twitter_misc":{"Est. reading time":"1 minute"},"schema":{"@context":"https:\/\/schema.org","@graph":[{"@type":"WebPage","@id":"https:\/\/beautycharm.lt\/produktas\/g-m-collin-hydramucine-drekinanti-dulksna-50-ml\/","url":"https:\/\/beautycharm.lt\/produktas\/g-m-collin-hydramucine-drekinanti-dulksna-50-ml\/","name":"G.M. COLLIN HYDRAMUCINE DR\u0116KINANTI DULKSNA, 50 ML - Beauty Charm","isPartOf":{"@id":"https:\/\/beautycharm.lt\/#website"},"primaryImageOfPage":{"@id":"https:\/\/beautycharm.lt\/produktas\/g-m-collin-hydramucine-drekinanti-dulksna-50-ml\/#primaryimage"},"image":{"@id":"https:\/\/beautycharm.lt\/produktas\/g-m-collin-hydramucine-drekinanti-dulksna-50-ml\/#primaryimage"},"thumbnailUrl":"https:\/\/beautycharm.lt\/wp-content\/uploads\/2025\/07\/g-m-collin-hydramucine-drekinanti-dulksna-50-ml.jpg","datePublished":"2025-07-15T10:56:21+00:00","dateModified":"2025-08-12T20:19:14+00:00","breadcrumb":{"@id":"https:\/\/beautycharm.lt\/produktas\/g-m-collin-hydramucine-drekinanti-dulksna-50-ml\/#breadcrumb"},"inLanguage":"en-US","potentialAction":[{"@type":"ReadAction","target":["https:\/\/beautycharm.lt\/produktas\/g-m-collin-hydramucine-drekinanti-dulksna-50-ml\/"]}]},{"@type":"ImageObject","inLanguage":"en-US","@id":"https:\/\/beautycharm.lt\/produktas\/g-m-collin-hydramucine-drekinanti-dulksna-50-ml\/#primaryimage","url":"https:\/\/beautycharm.lt\/wp-content\/uploads\/2025\/07\/g-m-collin-hydramucine-drekinanti-dulksna-50-ml.jpg","contentUrl":"https:\/\/beautycharm.lt\/wp-content\/uploads\/2025\/07\/g-m-collin-hydramucine-drekinanti-dulksna-50-ml.jpg","width":1563,"height":1563},{"@type":"BreadcrumbList","@id":"https:\/\/beautycharm.lt\/produktas\/g-m-collin-hydramucine-drekinanti-dulksna-50-ml\/#breadcrumb","itemListElement":[{"@type":"ListItem","position":1,"name":"Home","item":"https:\/\/beautycharm.lt\/"},{"@type":"ListItem","position":2,"name":"Parduotuv\u0117","item":"https:\/\/beautycharm.lt\/parduotuve\/"},{"@type":"ListItem","position":3,"name":"G.M. COLLIN HYDRAMUCINE DR\u0116KINANTI DULKSNA, 50 ML"}]},{"@type":"WebSite","@id":"https:\/\/beautycharm.lt\/#website","url":"https:\/\/beautycharm.lt\/","name":"Beauty Charm","description":"Odos prie\u017ei\u016bra vyrams ir moterims","publisher":{"@id":"https:\/\/beautycharm.lt\/#organization"},"potentialAction":[{"@type":"SearchAction","target":{"@type":"EntryPoint","urlTemplate":"https:\/\/beautycharm.lt\/?s={search_term_string}"},"query-input":{"@type":"PropertyValueSpecification","valueRequired":true,"valueName":"search_term_string"}}],"inLanguage":"en-US"},{"@type":"Organization","@id":"https:\/\/beautycharm.lt\/#organization","name":"Beauty Charm","url":"https:\/\/beautycharm.lt\/","logo":{"@type":"ImageObject","inLanguage":"en-US","@id":"https:\/\/beautycharm.lt\/#\/schema\/logo\/image\/","url":"https:\/\/beautycharm.lt\/wp-content\/uploads\/2025\/08\/BeautyCharm_t_s-1.svg","contentUrl":"https:\/\/beautycharm.lt\/wp-content\/uploads\/2025\/08\/BeautyCharm_t_s-1.svg","width":148,"height":64,"caption":"Beauty Charm"},"image":{"@id":"https:\/\/beautycharm.lt\/#\/schema\/logo\/image\/"},"sameAs":["https:\/\/www.facebook.com\/faceandbodylines\/","https:\/\/www.instagram.com\/the_house_of_charm\/"]}]}},"_links":{"self":[{"href":"https:\/\/beautycharm.lt\/en\/wp-json\/wp\/v2\/product\/1805","targetHints":{"allow":["GET"]}}],"collection":[{"href":"https:\/\/beautycharm.lt\/en\/wp-json\/wp\/v2\/product"}],"about":[{"href":"https:\/\/beautycharm.lt\/en\/wp-json\/wp\/v2\/types\/product"}],"replies":[{"embeddable":true,"href":"https:\/\/beautycharm.lt\/en\/wp-json\/wp\/v2\/comments?post=1805"}],"wp:featuredmedia":[{"embeddable":true,"href":"https:\/\/beautycharm.lt\/en\/wp-json\/wp\/v2\/media\/1806"}],"wp:attachment":[{"href":"https:\/\/beautycharm.lt\/en\/wp-json\/wp\/v2\/media?parent=1805"}],"wp:term":[{"taxonomy":"product_brand","embeddable":true,"href":"https:\/\/beautycharm.lt\/en\/wp-json\/wp\/v2\/product_brand?post=1805"},{"taxonomy":"product_cat","embeddable":true,"href":"https:\/\/beautycharm.lt\/en\/wp-json\/wp\/v2\/product_cat?post=1805"},{"taxonomy":"product_tag","embeddable":true,"href":"https:\/\/beautycharm.lt\/en\/wp-json\/wp\/v2\/product_tag?post=1805"}],"curies":[{"name":"wp","href":"https:\/\/api.w.org\/{rel}","templated":true}]}}