{"id":1804,"date":"2025-07-15T13:56:20","date_gmt":"2025-07-15T10:56:20","guid":{"rendered":"https:\/\/beautycharm.lt\/product\/g-m-collin-aqua-veido-kauke-60-g\/"},"modified":"2025-09-15T18:10:05","modified_gmt":"2025-09-15T15:10:05","slug":"g-m-collin-aqua-veido-kauke-60-g","status":"publish","type":"product","link":"https:\/\/beautycharm.lt\/en\/product\/g-m-collin-aqua-veido-kauke-60-g\/","title":{"rendered":"G.M. COLLIN AQUA FACE MASK, 60 G"},"content":{"rendered":"<p>Advantages:<\/p>\n<p>Provides intense, fast and long-lasting hydration.<br \/>\nSupplements and strengthens the skin's moisture barrier.<br \/>\nReduces dry skin discomfort.<br \/>\nVisibly smoothes skin texture and restores elasticity.<\/p>\n<p>Active ingredients:<\/p>\n<p>POLYNESIAN EXOPOLYSACCHARIDES (Alteromonas ferments).<br \/>\nPatcH2OTM (trehalose, hyaluronic acid, serine, alginic acid, sodium hyaluronate, polysaccharide pullulan).<br \/>\nOther ingredients: sodium PCA, xylitol, biosaccharide gum-2, hydrolyzed hyaluronic acid.<\/p>\n<p>Use: Apply evenly to clean, dry skin on the face and neck. Leave on for 15\u201320 minutes. Rinse thoroughly.<\/p>\n<p>Ingredients:<\/p>\n<p>AQUA\/WATER\/EAU, GLYCERIN, PROPANEDIOL, CARBOMER, XYLITYLGLUCOSIDE, ANHYDROXYLITOL, TREHALOSE, UREA, CITRULLUS LANATUS (WATERMELON) FRUIT EXTRACT, LENS ESCULENTA (LENTIL) FRUIT EXTRACT, XYLITOL, PYRUS MALUS (APPLE) FRUIT EXTRACT, CAPRYLHYDROXAMIC ACID, SERINE, GLUCOSE, BIOSACCHARIDE GUM-2, ALTEROMONAS FERMENT EXTRACT, SODIUM HYALURONATE, SODIUM PCA, HYDROLYZED HYALURONIC ACID, GALLYL GLUCOSIDE, PROPYL GALLATE, EPIGALLOCATECHIN GALLATYL GLUCOSIDE, PENTYLENE GLYCOL, PHENOXYETHANOL, BENZYL ALCOHOL, POTASSIUM SORBATE, SODIUM BENZOATE, DEHYDROACETIC ACID, BUTYLENE GLYCOL, TRIETHANOLAMINE, 1,2-HEXANEDIOL, XANTHAN GUM, SCLEROTIUM GUM, LECITHIN, PULLULAN, FRAGRANCE\/PARFUM, SODIUM LACTATE, SILICA, ALGIN, CAPRYLYL GLYCOL, DISODIUM PHOSPHATE, GLYCERYL POLYACRYLATE, POTASSIUM PHOSPHATE, SODIUM CITRATE, CITRIC ACID, BLUE 1\/CI 42090<\/p>","protected":false},"excerpt":{"rendered":"<p>Privalumai: Suteikia intensyv\u0173, greit\u0105 ir ilgalaik\u012f dr\u0117kinim\u0105. Papildo ir sustiprina odos dr\u0117gm\u0117s barjer\u0105. Ma\u017eina sausos odos diskomfort\u0105. Akivaizd\u017eiai i\u0161lygina odos tekst\u016br\u0105 ir atkuria elastingum\u0105. Veikliosios med\u017eiagos: POLINEZIJOS EKSOPOLISACHARIDAI (Alteromonas fermentai). PatcH2OTM (trehaloz\u0117, \u0161lapanas, serinas, alginas, natrio hialuronatas, polisacharidas pululanas). Kiti ingredientai: natrio PCA, ksilitolis, biosacharido derva \u2013 2, hidrolizuota hialurono r\u016bg\u0161tis. Naudojimas: ant \u0161varios ir<\/p>\n<div class=\"klb-readmore entry-button\"><a class=\"button light alt medium\" href=\"https:\/\/beautycharm.lt\/en\/product\/g-m-collin-aqua-veido-kauke-60-g\/\">Read More<\/a><\/div>","protected":false},"featured_media":2326,"comment_status":"open","ping_status":"closed","template":"","meta":{"inline_featured_image":false},"product_brand":[83],"product_cat":[120,136],"product_tag":[],"class_list":{"0":"post-1804","1":"product","2":"type-product","3":"status-publish","4":"has-post-thumbnail","6":"product_brand-g-m-collin-lt","7":"product_cat-moterims-lt","8":"product_cat-veido-kaukes","10":"first","11":"instock","12":"shipping-taxable","13":"purchasable","14":"product-type-simple"},"yoast_head":"<!-- This site is optimized with the Yoast SEO plugin v27.4 - https:\/\/yoast.com\/product\/yoast-seo-wordpress\/ -->\n<title>G.M. COLLIN AQUA VEIDO KAUK\u0116, 60 G - Beauty Charm<\/title>\n<meta name=\"robots\" content=\"index, follow, max-snippet:-1, max-image-preview:large, max-video-preview:-1\" \/>\n<link rel=\"canonical\" href=\"https:\/\/beautycharm.lt\/en\/product\/g-m-collin-aqua-veido-kauke-60-g\/\" \/>\n<meta property=\"og:locale\" content=\"en_US\" \/>\n<meta property=\"og:type\" content=\"article\" \/>\n<meta property=\"og:title\" content=\"G.M. COLLIN AQUA VEIDO KAUK\u0116, 60 G - Beauty Charm\" \/>\n<meta property=\"og:description\" content=\"Privalumai: Suteikia intensyv\u0173, greit\u0105 ir ilgalaik\u012f dr\u0117kinim\u0105. Papildo ir sustiprina odos dr\u0117gm\u0117s barjer\u0105. Ma\u017eina sausos odos diskomfort\u0105. Akivaizd\u017eiai i\u0161lygina odos tekst\u016br\u0105 ir atkuria elastingum\u0105. Veikliosios med\u017eiagos: POLINEZIJOS EKSOPOLISACHARIDAI (Alteromonas fermentai). PatcH2OTM (trehaloz\u0117, \u0161lapanas, serinas, alginas, natrio hialuronatas, polisacharidas pululanas). Kiti ingredientai: natrio PCA, ksilitolis, biosacharido derva \u2013 2, hidrolizuota hialurono r\u016bg\u0161tis. Naudojimas: ant \u0161varios irRead More\" \/>\n<meta property=\"og:url\" content=\"https:\/\/beautycharm.lt\/en\/product\/g-m-collin-aqua-veido-kauke-60-g\/\" \/>\n<meta property=\"og:site_name\" content=\"Beauty Charm\" \/>\n<meta property=\"article:publisher\" content=\"https:\/\/www.facebook.com\/faceandbodylines\/\" \/>\n<meta property=\"article:modified_time\" content=\"2025-09-15T15:10:05+00:00\" \/>\n<meta property=\"og:image\" content=\"https:\/\/beautycharm.lt\/wp-content\/uploads\/2025\/07\/g-m-collin-aqua-veido-kauke-60-g-413x672-1.jpeg\" \/>\n\t<meta property=\"og:image:width\" content=\"413\" \/>\n\t<meta property=\"og:image:height\" content=\"672\" \/>\n\t<meta property=\"og:image:type\" content=\"image\/jpeg\" \/>\n<meta name=\"twitter:card\" content=\"summary_large_image\" \/>\n<meta name=\"twitter:label1\" content=\"Est. reading time\" \/>\n\t<meta name=\"twitter:data1\" content=\"2 minutes\" \/>\n<script type=\"application\/ld+json\" class=\"yoast-schema-graph\">{\"@context\":\"https:\\\/\\\/schema.org\",\"@graph\":[{\"@type\":\"WebPage\",\"@id\":\"https:\\\/\\\/beautycharm.lt\\\/produktas\\\/g-m-collin-aqua-veido-kauke-60-g\\\/\",\"url\":\"https:\\\/\\\/beautycharm.lt\\\/produktas\\\/g-m-collin-aqua-veido-kauke-60-g\\\/\",\"name\":\"G.M. COLLIN AQUA VEIDO KAUK\u0116, 60 G - Beauty Charm\",\"isPartOf\":{\"@id\":\"https:\\\/\\\/beautycharm.lt\\\/#website\"},\"primaryImageOfPage\":{\"@id\":\"https:\\\/\\\/beautycharm.lt\\\/produktas\\\/g-m-collin-aqua-veido-kauke-60-g\\\/#primaryimage\"},\"image\":{\"@id\":\"https:\\\/\\\/beautycharm.lt\\\/produktas\\\/g-m-collin-aqua-veido-kauke-60-g\\\/#primaryimage\"},\"thumbnailUrl\":\"https:\\\/\\\/beautycharm.lt\\\/wp-content\\\/uploads\\\/2025\\\/07\\\/g-m-collin-aqua-veido-kauke-60-g-413x672-1.jpeg\",\"datePublished\":\"2025-07-15T10:56:20+00:00\",\"dateModified\":\"2025-09-15T15:10:05+00:00\",\"breadcrumb\":{\"@id\":\"https:\\\/\\\/beautycharm.lt\\\/produktas\\\/g-m-collin-aqua-veido-kauke-60-g\\\/#breadcrumb\"},\"inLanguage\":\"en-US\",\"potentialAction\":[{\"@type\":\"ReadAction\",\"target\":[\"https:\\\/\\\/beautycharm.lt\\\/produktas\\\/g-m-collin-aqua-veido-kauke-60-g\\\/\"]}]},{\"@type\":\"ImageObject\",\"inLanguage\":\"en-US\",\"@id\":\"https:\\\/\\\/beautycharm.lt\\\/produktas\\\/g-m-collin-aqua-veido-kauke-60-g\\\/#primaryimage\",\"url\":\"https:\\\/\\\/beautycharm.lt\\\/wp-content\\\/uploads\\\/2025\\\/07\\\/g-m-collin-aqua-veido-kauke-60-g-413x672-1.jpeg\",\"contentUrl\":\"https:\\\/\\\/beautycharm.lt\\\/wp-content\\\/uploads\\\/2025\\\/07\\\/g-m-collin-aqua-veido-kauke-60-g-413x672-1.jpeg\",\"width\":413,\"height\":672},{\"@type\":\"BreadcrumbList\",\"@id\":\"https:\\\/\\\/beautycharm.lt\\\/produktas\\\/g-m-collin-aqua-veido-kauke-60-g\\\/#breadcrumb\",\"itemListElement\":[{\"@type\":\"ListItem\",\"position\":1,\"name\":\"Home\",\"item\":\"https:\\\/\\\/beautycharm.lt\\\/\"},{\"@type\":\"ListItem\",\"position\":2,\"name\":\"Parduotuv\u0117\",\"item\":\"https:\\\/\\\/beautycharm.lt\\\/parduotuve\\\/\"},{\"@type\":\"ListItem\",\"position\":3,\"name\":\"G.M. COLLIN AQUA VEIDO KAUK\u0116, 60 G\"}]},{\"@type\":\"WebSite\",\"@id\":\"https:\\\/\\\/beautycharm.lt\\\/#website\",\"url\":\"https:\\\/\\\/beautycharm.lt\\\/\",\"name\":\"Beauty Charm\",\"description\":\"Odos prie\u017ei\u016bra vyrams ir moterims\",\"publisher\":{\"@id\":\"https:\\\/\\\/beautycharm.lt\\\/#organization\"},\"potentialAction\":[{\"@type\":\"SearchAction\",\"target\":{\"@type\":\"EntryPoint\",\"urlTemplate\":\"https:\\\/\\\/beautycharm.lt\\\/?s={search_term_string}\"},\"query-input\":{\"@type\":\"PropertyValueSpecification\",\"valueRequired\":true,\"valueName\":\"search_term_string\"}}],\"inLanguage\":\"en-US\"},{\"@type\":\"Organization\",\"@id\":\"https:\\\/\\\/beautycharm.lt\\\/#organization\",\"name\":\"Beauty Charm\",\"url\":\"https:\\\/\\\/beautycharm.lt\\\/\",\"logo\":{\"@type\":\"ImageObject\",\"inLanguage\":\"en-US\",\"@id\":\"https:\\\/\\\/beautycharm.lt\\\/#\\\/schema\\\/logo\\\/image\\\/\",\"url\":\"https:\\\/\\\/beautycharm.lt\\\/wp-content\\\/uploads\\\/2025\\\/08\\\/BeautyCharm_t_s-1.svg\",\"contentUrl\":\"https:\\\/\\\/beautycharm.lt\\\/wp-content\\\/uploads\\\/2025\\\/08\\\/BeautyCharm_t_s-1.svg\",\"width\":148,\"height\":64,\"caption\":\"Beauty Charm\"},\"image\":{\"@id\":\"https:\\\/\\\/beautycharm.lt\\\/#\\\/schema\\\/logo\\\/image\\\/\"},\"sameAs\":[\"https:\\\/\\\/www.facebook.com\\\/faceandbodylines\\\/\",\"https:\\\/\\\/www.instagram.com\\\/the_house_of_charm\\\/\"]}]}<\/script>\n<!-- \/ Yoast SEO plugin. -->","yoast_head_json":{"title":"G.M. COLLIN AQUA VEIDO KAUK\u0116, 60 G - Beauty Charm","robots":{"index":"index","follow":"follow","max-snippet":"max-snippet:-1","max-image-preview":"max-image-preview:large","max-video-preview":"max-video-preview:-1"},"canonical":"https:\/\/beautycharm.lt\/en\/product\/g-m-collin-aqua-veido-kauke-60-g\/","og_locale":"en_US","og_type":"article","og_title":"G.M. COLLIN AQUA VEIDO KAUK\u0116, 60 G - Beauty Charm","og_description":"Privalumai: Suteikia intensyv\u0173, greit\u0105 ir ilgalaik\u012f dr\u0117kinim\u0105. Papildo ir sustiprina odos dr\u0117gm\u0117s barjer\u0105. Ma\u017eina sausos odos diskomfort\u0105. Akivaizd\u017eiai i\u0161lygina odos tekst\u016br\u0105 ir atkuria elastingum\u0105. Veikliosios med\u017eiagos: POLINEZIJOS EKSOPOLISACHARIDAI (Alteromonas fermentai). PatcH2OTM (trehaloz\u0117, \u0161lapanas, serinas, alginas, natrio hialuronatas, polisacharidas pululanas). Kiti ingredientai: natrio PCA, ksilitolis, biosacharido derva \u2013 2, hidrolizuota hialurono r\u016bg\u0161tis. Naudojimas: ant \u0161varios irRead More","og_url":"https:\/\/beautycharm.lt\/en\/product\/g-m-collin-aqua-veido-kauke-60-g\/","og_site_name":"Beauty Charm","article_publisher":"https:\/\/www.facebook.com\/faceandbodylines\/","article_modified_time":"2025-09-15T15:10:05+00:00","og_image":[{"width":413,"height":672,"url":"https:\/\/beautycharm.lt\/wp-content\/uploads\/2025\/07\/g-m-collin-aqua-veido-kauke-60-g-413x672-1.jpeg","type":"image\/jpeg"}],"twitter_card":"summary_large_image","twitter_misc":{"Est. reading time":"2 minutes"},"schema":{"@context":"https:\/\/schema.org","@graph":[{"@type":"WebPage","@id":"https:\/\/beautycharm.lt\/produktas\/g-m-collin-aqua-veido-kauke-60-g\/","url":"https:\/\/beautycharm.lt\/produktas\/g-m-collin-aqua-veido-kauke-60-g\/","name":"G.M. COLLIN AQUA VEIDO KAUK\u0116, 60 G - Beauty Charm","isPartOf":{"@id":"https:\/\/beautycharm.lt\/#website"},"primaryImageOfPage":{"@id":"https:\/\/beautycharm.lt\/produktas\/g-m-collin-aqua-veido-kauke-60-g\/#primaryimage"},"image":{"@id":"https:\/\/beautycharm.lt\/produktas\/g-m-collin-aqua-veido-kauke-60-g\/#primaryimage"},"thumbnailUrl":"https:\/\/beautycharm.lt\/wp-content\/uploads\/2025\/07\/g-m-collin-aqua-veido-kauke-60-g-413x672-1.jpeg","datePublished":"2025-07-15T10:56:20+00:00","dateModified":"2025-09-15T15:10:05+00:00","breadcrumb":{"@id":"https:\/\/beautycharm.lt\/produktas\/g-m-collin-aqua-veido-kauke-60-g\/#breadcrumb"},"inLanguage":"en-US","potentialAction":[{"@type":"ReadAction","target":["https:\/\/beautycharm.lt\/produktas\/g-m-collin-aqua-veido-kauke-60-g\/"]}]},{"@type":"ImageObject","inLanguage":"en-US","@id":"https:\/\/beautycharm.lt\/produktas\/g-m-collin-aqua-veido-kauke-60-g\/#primaryimage","url":"https:\/\/beautycharm.lt\/wp-content\/uploads\/2025\/07\/g-m-collin-aqua-veido-kauke-60-g-413x672-1.jpeg","contentUrl":"https:\/\/beautycharm.lt\/wp-content\/uploads\/2025\/07\/g-m-collin-aqua-veido-kauke-60-g-413x672-1.jpeg","width":413,"height":672},{"@type":"BreadcrumbList","@id":"https:\/\/beautycharm.lt\/produktas\/g-m-collin-aqua-veido-kauke-60-g\/#breadcrumb","itemListElement":[{"@type":"ListItem","position":1,"name":"Home","item":"https:\/\/beautycharm.lt\/"},{"@type":"ListItem","position":2,"name":"Parduotuv\u0117","item":"https:\/\/beautycharm.lt\/parduotuve\/"},{"@type":"ListItem","position":3,"name":"G.M. COLLIN AQUA VEIDO KAUK\u0116, 60 G"}]},{"@type":"WebSite","@id":"https:\/\/beautycharm.lt\/#website","url":"https:\/\/beautycharm.lt\/","name":"Beauty Charm","description":"Odos prie\u017ei\u016bra vyrams ir moterims","publisher":{"@id":"https:\/\/beautycharm.lt\/#organization"},"potentialAction":[{"@type":"SearchAction","target":{"@type":"EntryPoint","urlTemplate":"https:\/\/beautycharm.lt\/?s={search_term_string}"},"query-input":{"@type":"PropertyValueSpecification","valueRequired":true,"valueName":"search_term_string"}}],"inLanguage":"en-US"},{"@type":"Organization","@id":"https:\/\/beautycharm.lt\/#organization","name":"Beauty Charm","url":"https:\/\/beautycharm.lt\/","logo":{"@type":"ImageObject","inLanguage":"en-US","@id":"https:\/\/beautycharm.lt\/#\/schema\/logo\/image\/","url":"https:\/\/beautycharm.lt\/wp-content\/uploads\/2025\/08\/BeautyCharm_t_s-1.svg","contentUrl":"https:\/\/beautycharm.lt\/wp-content\/uploads\/2025\/08\/BeautyCharm_t_s-1.svg","width":148,"height":64,"caption":"Beauty Charm"},"image":{"@id":"https:\/\/beautycharm.lt\/#\/schema\/logo\/image\/"},"sameAs":["https:\/\/www.facebook.com\/faceandbodylines\/","https:\/\/www.instagram.com\/the_house_of_charm\/"]}]}},"_links":{"self":[{"href":"https:\/\/beautycharm.lt\/en\/wp-json\/wp\/v2\/product\/1804","targetHints":{"allow":["GET"]}}],"collection":[{"href":"https:\/\/beautycharm.lt\/en\/wp-json\/wp\/v2\/product"}],"about":[{"href":"https:\/\/beautycharm.lt\/en\/wp-json\/wp\/v2\/types\/product"}],"replies":[{"embeddable":true,"href":"https:\/\/beautycharm.lt\/en\/wp-json\/wp\/v2\/comments?post=1804"}],"wp:featuredmedia":[{"embeddable":true,"href":"https:\/\/beautycharm.lt\/en\/wp-json\/wp\/v2\/media\/2326"}],"wp:attachment":[{"href":"https:\/\/beautycharm.lt\/en\/wp-json\/wp\/v2\/media?parent=1804"}],"wp:term":[{"taxonomy":"product_brand","embeddable":true,"href":"https:\/\/beautycharm.lt\/en\/wp-json\/wp\/v2\/product_brand?post=1804"},{"taxonomy":"product_cat","embeddable":true,"href":"https:\/\/beautycharm.lt\/en\/wp-json\/wp\/v2\/product_cat?post=1804"},{"taxonomy":"product_tag","embeddable":true,"href":"https:\/\/beautycharm.lt\/en\/wp-json\/wp\/v2\/product_tag?post=1804"}],"curies":[{"name":"wp","href":"https:\/\/api.w.org\/{rel}","templated":true}]}}