{"id":1803,"date":"2025-07-15T13:56:20","date_gmt":"2025-07-15T10:56:20","guid":{"rendered":"https:\/\/beautycharm.lt\/product\/g-m-collin-glow-veido-kauke-60-g\/"},"modified":"2025-09-15T18:13:26","modified_gmt":"2025-09-15T15:13:26","slug":"g-m-collin-glow-veido-kauke-60-g","status":"publish","type":"product","link":"https:\/\/beautycharm.lt\/en\/product\/g-m-collin-glow-veido-kauke-60-g\/","title":{"rendered":"G.M. COLLIN GLOW FACE MASK, 60 G"},"content":{"rendered":"<p>Advantages:<\/p>\n<p>Suitable for tired skin and skin that needs refreshing.<br \/>\nSuitable for skin lacking radiance and glow.<br \/>\nSuitable for skin that needs elasticity and moisture.<br \/>\nThe product is suitable for skin prone to redness.<\/p>\n<p>Active ingredients:<\/p>\n<p>SUPRASTIMTM (Camu Camu ekstraktas).<br \/>\nBuriti oil.<br \/>\nOther ingredients: shea butter, niacinamide, D-panthenol, yeast extract, vitamin E.<\/p>\n<p>Use: Apply evenly to clean, dry skin on the face and neck. Leave on for 15\u201320 minutes. Rinse thoroughly.<\/p>\n<p>Ingredients:<\/p>\n<p>AQUA\/WATER\/EAU, BUTYROSPERMUM PARKII (SHEA) BUTTER, C15-19 ALKANE, GLYCERIN, C10-18 TRIGLYCERIDES, NIACINAMIDE, CAPRYLIC\/CAPRIC TRIGLYCERIDE, C12-16 ALCOHOLS, PROPANEDIOL, CETYL ALCOHOL, PANTHENOL, MAURITIA FLEXUOSA FRUIT OIL, YEAST EXTRACT\/EXTRAIT DE LEVURE, CAPRYLHYDROXAMIC ACID, SOY AMINO ACIDS, MYRCIARIA DUBIA FRUIT EXTRACT, ASPARAGOPSIS ARMATA EXTRACT, ASCOPHYLLUM NODOSUM EXTRACT, ROSMARINUS OFFICINALIS (ROSEMARY) LEAF EXTRACT, SODIUM HYALURONATE, GLUCOMANNAN, TOCOPHEROL, PHENOXYETHANOL, POTASSIUM SORBATE, SODIUM BENZOATE, ETHYLHEXYL PALMITATE, HYDROGENATED LECITHIN, PALMITIC ACID, 1,2-HEXANEDIOL, STEARYL ALCOHOL, CARBOMER, XANTHAN GUM, FRAGRANCE\/PARFUM, HYDROGENATED STARCH HYDROLYSATE, BUTYLENE GLYCOL, TRIETHANOLAMINE, SCLEROTIUM GUM, LECITHIN, PULLULAN, TRIHYDROXYSTEARIN, SILICA, SODIUM CITRATE, CITRIC ACID, TITANIUM DIOXIDE\/CI 77891, YELLOW 6\/CI 15985<\/p>","protected":false},"excerpt":{"rendered":"<p>Privalumai: Tinka pavargusiai odai bei odai, kuriai norisi atsigaivinti. Tinka odai, stokojan\u010diai spindin\u0117sio ir \u0161vyt\u0117jimo. Tinka odai, kuriai reikia elastingumo ir dr\u0117gm\u0117s. Priemon\u0117 tinkama \u012f paraudim\u0105 linkusiai odai. Veikliosios med\u017eiagos: SUPRASTIMTM (Camu Camu ekstraktas). Buriti aliejus. Kiti ingredientai: taukmed\u017eio sviestas, niacinamidas, D-pantenolis, mieli\u0173 ekstraktas, vitaminas E. Naudojimas: ant \u0161varios ir sausos odos tolygiai tepkite ant<\/p>\n<div class=\"klb-readmore entry-button\"><a class=\"button light alt medium\" href=\"https:\/\/beautycharm.lt\/en\/product\/g-m-collin-glow-veido-kauke-60-g\/\">Read More<\/a><\/div>","protected":false},"featured_media":2328,"comment_status":"open","ping_status":"closed","template":"","meta":{"inline_featured_image":false},"product_brand":[83],"product_cat":[120,136],"product_tag":[],"class_list":{"0":"post-1803","1":"product","2":"type-product","3":"status-publish","4":"has-post-thumbnail","6":"product_brand-g-m-collin-lt","7":"product_cat-moterims-lt","8":"product_cat-veido-kaukes","10":"first","11":"instock","12":"shipping-taxable","13":"purchasable","14":"product-type-simple"},"yoast_head":"<!-- This site is optimized with the Yoast SEO plugin v27.4 - https:\/\/yoast.com\/product\/yoast-seo-wordpress\/ -->\n<title>G.M. COLLIN GLOW VEIDO KAUK\u0116, 60 G - Beauty Charm<\/title>\n<meta name=\"robots\" content=\"index, follow, max-snippet:-1, max-image-preview:large, max-video-preview:-1\" \/>\n<link rel=\"canonical\" href=\"https:\/\/beautycharm.lt\/en\/product\/g-m-collin-glow-veido-kauke-60-g\/\" \/>\n<meta property=\"og:locale\" content=\"en_US\" \/>\n<meta property=\"og:type\" content=\"article\" \/>\n<meta property=\"og:title\" content=\"G.M. COLLIN GLOW VEIDO KAUK\u0116, 60 G - Beauty Charm\" \/>\n<meta property=\"og:description\" content=\"Privalumai: Tinka pavargusiai odai bei odai, kuriai norisi atsigaivinti. Tinka odai, stokojan\u010diai spindin\u0117sio ir \u0161vyt\u0117jimo. Tinka odai, kuriai reikia elastingumo ir dr\u0117gm\u0117s. Priemon\u0117 tinkama \u012f paraudim\u0105 linkusiai odai. Veikliosios med\u017eiagos: SUPRASTIMTM (Camu Camu ekstraktas). Buriti aliejus. Kiti ingredientai: taukmed\u017eio sviestas, niacinamidas, D-pantenolis, mieli\u0173 ekstraktas, vitaminas E. Naudojimas: ant \u0161varios ir sausos odos tolygiai tepkite antRead More\" \/>\n<meta property=\"og:url\" content=\"https:\/\/beautycharm.lt\/en\/product\/g-m-collin-glow-veido-kauke-60-g\/\" \/>\n<meta property=\"og:site_name\" content=\"Beauty Charm\" \/>\n<meta property=\"article:publisher\" content=\"https:\/\/www.facebook.com\/faceandbodylines\/\" \/>\n<meta property=\"article:modified_time\" content=\"2025-09-15T15:13:26+00:00\" \/>\n<meta property=\"og:image\" content=\"https:\/\/beautycharm.lt\/wp-content\/uploads\/2025\/07\/g-m-collin-glow-veido-kauke-60-g-202405091102170-413x672-1.jpeg\" \/>\n\t<meta property=\"og:image:width\" content=\"413\" \/>\n\t<meta property=\"og:image:height\" content=\"672\" \/>\n\t<meta property=\"og:image:type\" content=\"image\/jpeg\" \/>\n<meta name=\"twitter:card\" content=\"summary_large_image\" \/>\n<meta name=\"twitter:label1\" content=\"Est. reading time\" \/>\n\t<meta name=\"twitter:data1\" content=\"2 minutes\" \/>\n<script type=\"application\/ld+json\" class=\"yoast-schema-graph\">{\"@context\":\"https:\\\/\\\/schema.org\",\"@graph\":[{\"@type\":\"WebPage\",\"@id\":\"https:\\\/\\\/beautycharm.lt\\\/produktas\\\/g-m-collin-glow-veido-kauke-60-g\\\/\",\"url\":\"https:\\\/\\\/beautycharm.lt\\\/produktas\\\/g-m-collin-glow-veido-kauke-60-g\\\/\",\"name\":\"G.M. COLLIN GLOW VEIDO KAUK\u0116, 60 G - Beauty Charm\",\"isPartOf\":{\"@id\":\"https:\\\/\\\/beautycharm.lt\\\/#website\"},\"primaryImageOfPage\":{\"@id\":\"https:\\\/\\\/beautycharm.lt\\\/produktas\\\/g-m-collin-glow-veido-kauke-60-g\\\/#primaryimage\"},\"image\":{\"@id\":\"https:\\\/\\\/beautycharm.lt\\\/produktas\\\/g-m-collin-glow-veido-kauke-60-g\\\/#primaryimage\"},\"thumbnailUrl\":\"https:\\\/\\\/beautycharm.lt\\\/wp-content\\\/uploads\\\/2025\\\/07\\\/g-m-collin-glow-veido-kauke-60-g-202405091102170-413x672-1.jpeg\",\"datePublished\":\"2025-07-15T10:56:20+00:00\",\"dateModified\":\"2025-09-15T15:13:26+00:00\",\"breadcrumb\":{\"@id\":\"https:\\\/\\\/beautycharm.lt\\\/produktas\\\/g-m-collin-glow-veido-kauke-60-g\\\/#breadcrumb\"},\"inLanguage\":\"en-US\",\"potentialAction\":[{\"@type\":\"ReadAction\",\"target\":[\"https:\\\/\\\/beautycharm.lt\\\/produktas\\\/g-m-collin-glow-veido-kauke-60-g\\\/\"]}]},{\"@type\":\"ImageObject\",\"inLanguage\":\"en-US\",\"@id\":\"https:\\\/\\\/beautycharm.lt\\\/produktas\\\/g-m-collin-glow-veido-kauke-60-g\\\/#primaryimage\",\"url\":\"https:\\\/\\\/beautycharm.lt\\\/wp-content\\\/uploads\\\/2025\\\/07\\\/g-m-collin-glow-veido-kauke-60-g-202405091102170-413x672-1.jpeg\",\"contentUrl\":\"https:\\\/\\\/beautycharm.lt\\\/wp-content\\\/uploads\\\/2025\\\/07\\\/g-m-collin-glow-veido-kauke-60-g-202405091102170-413x672-1.jpeg\",\"width\":413,\"height\":672},{\"@type\":\"BreadcrumbList\",\"@id\":\"https:\\\/\\\/beautycharm.lt\\\/produktas\\\/g-m-collin-glow-veido-kauke-60-g\\\/#breadcrumb\",\"itemListElement\":[{\"@type\":\"ListItem\",\"position\":1,\"name\":\"Home\",\"item\":\"https:\\\/\\\/beautycharm.lt\\\/\"},{\"@type\":\"ListItem\",\"position\":2,\"name\":\"Parduotuv\u0117\",\"item\":\"https:\\\/\\\/beautycharm.lt\\\/parduotuve\\\/\"},{\"@type\":\"ListItem\",\"position\":3,\"name\":\"G.M. COLLIN GLOW VEIDO KAUK\u0116, 60 G\"}]},{\"@type\":\"WebSite\",\"@id\":\"https:\\\/\\\/beautycharm.lt\\\/#website\",\"url\":\"https:\\\/\\\/beautycharm.lt\\\/\",\"name\":\"Beauty Charm\",\"description\":\"Odos prie\u017ei\u016bra vyrams ir moterims\",\"publisher\":{\"@id\":\"https:\\\/\\\/beautycharm.lt\\\/#organization\"},\"potentialAction\":[{\"@type\":\"SearchAction\",\"target\":{\"@type\":\"EntryPoint\",\"urlTemplate\":\"https:\\\/\\\/beautycharm.lt\\\/?s={search_term_string}\"},\"query-input\":{\"@type\":\"PropertyValueSpecification\",\"valueRequired\":true,\"valueName\":\"search_term_string\"}}],\"inLanguage\":\"en-US\"},{\"@type\":\"Organization\",\"@id\":\"https:\\\/\\\/beautycharm.lt\\\/#organization\",\"name\":\"Beauty Charm\",\"url\":\"https:\\\/\\\/beautycharm.lt\\\/\",\"logo\":{\"@type\":\"ImageObject\",\"inLanguage\":\"en-US\",\"@id\":\"https:\\\/\\\/beautycharm.lt\\\/#\\\/schema\\\/logo\\\/image\\\/\",\"url\":\"https:\\\/\\\/beautycharm.lt\\\/wp-content\\\/uploads\\\/2025\\\/08\\\/BeautyCharm_t_s-1.svg\",\"contentUrl\":\"https:\\\/\\\/beautycharm.lt\\\/wp-content\\\/uploads\\\/2025\\\/08\\\/BeautyCharm_t_s-1.svg\",\"width\":148,\"height\":64,\"caption\":\"Beauty Charm\"},\"image\":{\"@id\":\"https:\\\/\\\/beautycharm.lt\\\/#\\\/schema\\\/logo\\\/image\\\/\"},\"sameAs\":[\"https:\\\/\\\/www.facebook.com\\\/faceandbodylines\\\/\",\"https:\\\/\\\/www.instagram.com\\\/the_house_of_charm\\\/\"]}]}<\/script>\n<!-- \/ Yoast SEO plugin. -->","yoast_head_json":{"title":"G.M. COLLIN GLOW VEIDO KAUK\u0116, 60 G - Beauty Charm","robots":{"index":"index","follow":"follow","max-snippet":"max-snippet:-1","max-image-preview":"max-image-preview:large","max-video-preview":"max-video-preview:-1"},"canonical":"https:\/\/beautycharm.lt\/en\/product\/g-m-collin-glow-veido-kauke-60-g\/","og_locale":"en_US","og_type":"article","og_title":"G.M. COLLIN GLOW VEIDO KAUK\u0116, 60 G - Beauty Charm","og_description":"Privalumai: Tinka pavargusiai odai bei odai, kuriai norisi atsigaivinti. Tinka odai, stokojan\u010diai spindin\u0117sio ir \u0161vyt\u0117jimo. Tinka odai, kuriai reikia elastingumo ir dr\u0117gm\u0117s. Priemon\u0117 tinkama \u012f paraudim\u0105 linkusiai odai. Veikliosios med\u017eiagos: SUPRASTIMTM (Camu Camu ekstraktas). Buriti aliejus. Kiti ingredientai: taukmed\u017eio sviestas, niacinamidas, D-pantenolis, mieli\u0173 ekstraktas, vitaminas E. Naudojimas: ant \u0161varios ir sausos odos tolygiai tepkite antRead More","og_url":"https:\/\/beautycharm.lt\/en\/product\/g-m-collin-glow-veido-kauke-60-g\/","og_site_name":"Beauty Charm","article_publisher":"https:\/\/www.facebook.com\/faceandbodylines\/","article_modified_time":"2025-09-15T15:13:26+00:00","og_image":[{"width":413,"height":672,"url":"https:\/\/beautycharm.lt\/wp-content\/uploads\/2025\/07\/g-m-collin-glow-veido-kauke-60-g-202405091102170-413x672-1.jpeg","type":"image\/jpeg"}],"twitter_card":"summary_large_image","twitter_misc":{"Est. reading time":"2 minutes"},"schema":{"@context":"https:\/\/schema.org","@graph":[{"@type":"WebPage","@id":"https:\/\/beautycharm.lt\/produktas\/g-m-collin-glow-veido-kauke-60-g\/","url":"https:\/\/beautycharm.lt\/produktas\/g-m-collin-glow-veido-kauke-60-g\/","name":"G.M. COLLIN GLOW VEIDO KAUK\u0116, 60 G - Beauty Charm","isPartOf":{"@id":"https:\/\/beautycharm.lt\/#website"},"primaryImageOfPage":{"@id":"https:\/\/beautycharm.lt\/produktas\/g-m-collin-glow-veido-kauke-60-g\/#primaryimage"},"image":{"@id":"https:\/\/beautycharm.lt\/produktas\/g-m-collin-glow-veido-kauke-60-g\/#primaryimage"},"thumbnailUrl":"https:\/\/beautycharm.lt\/wp-content\/uploads\/2025\/07\/g-m-collin-glow-veido-kauke-60-g-202405091102170-413x672-1.jpeg","datePublished":"2025-07-15T10:56:20+00:00","dateModified":"2025-09-15T15:13:26+00:00","breadcrumb":{"@id":"https:\/\/beautycharm.lt\/produktas\/g-m-collin-glow-veido-kauke-60-g\/#breadcrumb"},"inLanguage":"en-US","potentialAction":[{"@type":"ReadAction","target":["https:\/\/beautycharm.lt\/produktas\/g-m-collin-glow-veido-kauke-60-g\/"]}]},{"@type":"ImageObject","inLanguage":"en-US","@id":"https:\/\/beautycharm.lt\/produktas\/g-m-collin-glow-veido-kauke-60-g\/#primaryimage","url":"https:\/\/beautycharm.lt\/wp-content\/uploads\/2025\/07\/g-m-collin-glow-veido-kauke-60-g-202405091102170-413x672-1.jpeg","contentUrl":"https:\/\/beautycharm.lt\/wp-content\/uploads\/2025\/07\/g-m-collin-glow-veido-kauke-60-g-202405091102170-413x672-1.jpeg","width":413,"height":672},{"@type":"BreadcrumbList","@id":"https:\/\/beautycharm.lt\/produktas\/g-m-collin-glow-veido-kauke-60-g\/#breadcrumb","itemListElement":[{"@type":"ListItem","position":1,"name":"Home","item":"https:\/\/beautycharm.lt\/"},{"@type":"ListItem","position":2,"name":"Parduotuv\u0117","item":"https:\/\/beautycharm.lt\/parduotuve\/"},{"@type":"ListItem","position":3,"name":"G.M. COLLIN GLOW VEIDO KAUK\u0116, 60 G"}]},{"@type":"WebSite","@id":"https:\/\/beautycharm.lt\/#website","url":"https:\/\/beautycharm.lt\/","name":"Beauty Charm","description":"Odos prie\u017ei\u016bra vyrams ir moterims","publisher":{"@id":"https:\/\/beautycharm.lt\/#organization"},"potentialAction":[{"@type":"SearchAction","target":{"@type":"EntryPoint","urlTemplate":"https:\/\/beautycharm.lt\/?s={search_term_string}"},"query-input":{"@type":"PropertyValueSpecification","valueRequired":true,"valueName":"search_term_string"}}],"inLanguage":"en-US"},{"@type":"Organization","@id":"https:\/\/beautycharm.lt\/#organization","name":"Beauty Charm","url":"https:\/\/beautycharm.lt\/","logo":{"@type":"ImageObject","inLanguage":"en-US","@id":"https:\/\/beautycharm.lt\/#\/schema\/logo\/image\/","url":"https:\/\/beautycharm.lt\/wp-content\/uploads\/2025\/08\/BeautyCharm_t_s-1.svg","contentUrl":"https:\/\/beautycharm.lt\/wp-content\/uploads\/2025\/08\/BeautyCharm_t_s-1.svg","width":148,"height":64,"caption":"Beauty Charm"},"image":{"@id":"https:\/\/beautycharm.lt\/#\/schema\/logo\/image\/"},"sameAs":["https:\/\/www.facebook.com\/faceandbodylines\/","https:\/\/www.instagram.com\/the_house_of_charm\/"]}]}},"_links":{"self":[{"href":"https:\/\/beautycharm.lt\/en\/wp-json\/wp\/v2\/product\/1803","targetHints":{"allow":["GET"]}}],"collection":[{"href":"https:\/\/beautycharm.lt\/en\/wp-json\/wp\/v2\/product"}],"about":[{"href":"https:\/\/beautycharm.lt\/en\/wp-json\/wp\/v2\/types\/product"}],"replies":[{"embeddable":true,"href":"https:\/\/beautycharm.lt\/en\/wp-json\/wp\/v2\/comments?post=1803"}],"wp:featuredmedia":[{"embeddable":true,"href":"https:\/\/beautycharm.lt\/en\/wp-json\/wp\/v2\/media\/2328"}],"wp:attachment":[{"href":"https:\/\/beautycharm.lt\/en\/wp-json\/wp\/v2\/media?parent=1803"}],"wp:term":[{"taxonomy":"product_brand","embeddable":true,"href":"https:\/\/beautycharm.lt\/en\/wp-json\/wp\/v2\/product_brand?post=1803"},{"taxonomy":"product_cat","embeddable":true,"href":"https:\/\/beautycharm.lt\/en\/wp-json\/wp\/v2\/product_cat?post=1803"},{"taxonomy":"product_tag","embeddable":true,"href":"https:\/\/beautycharm.lt\/en\/wp-json\/wp\/v2\/product_tag?post=1803"}],"curies":[{"name":"wp","href":"https:\/\/api.w.org\/{rel}","templated":true}]}}