{"id":1801,"date":"2025-07-15T13:56:17","date_gmt":"2025-07-15T10:56:17","guid":{"rendered":"https:\/\/beautycharm.lt\/product\/ahava-deadsea-water-spring-blossom-kuno-losjonas-250-ml\/"},"modified":"2025-10-06T12:37:31","modified_gmt":"2025-10-06T09:37:31","slug":"ahava-deadsea-water-spring-blossom-kuno-losjonas-250-ml","status":"publish","type":"product","link":"https:\/\/beautycharm.lt\/en\/product\/ahava-deadsea-water-spring-blossom-kuno-losjonas-250-ml\/","title":{"rendered":"AHAVA DEADSEA WATER SPRING BLOSSOM BODY LOTION, 250 ml"},"content":{"rendered":"<p>A body lotion with a delicate scent of cactus and pink pepper. The lotion stands out for its rich composition, which includes the Osmoter\u2122 complex and nourishing botanical extracts that increase the skin's moisture level and provide comfort. It absorbs quickly, making it suitable for use both in the morning and in the evening.<\/p>\n<p>Advantages:<\/p>\n<p>\tIncreases skin moisture levels \u2013 Osmoter\u2122;<br \/>\n\tProtects the skin from dehydration \u2013 glycerin, aloe vera;<br \/>\n\tSmoothes and improves skin texture \u2013 witch hazel extract.<\/p>\n<p>How to use:<\/p>\n<p>Apply to clean skin.<\/p>\n<p>Ingredients:<\/p>\n<p>Aqua (Mineral Spring Water), Ethylhexyl Palmitate, Cetearyl Alcohol, Glycerin, Cetyl Alcohol, Propanediol (Corn derived), Ceteareth-30, Phenoxyethanol, Dimethicone, Parfum (Fragrance), Hydroxycitronellal, Caprylyl Glycol, Sodium Citrate, Chlorphenesin, Sodium Cetearyl Sulfate, Citric Acid, Disodium Phosphate, Potassium Phosphate, Sodium Benzoate, Potassium Sorbate, Ethylhexylglycerin, Aloe Barbadensis (Aloe-Vera) Leaf Juice, Hamamelis Virginiana (Witch Hazel) Leaf Water, Maris Aqua (Dead Sea Water\/Osmoter).<\/p>","protected":false},"excerpt":{"rendered":"<p>\u0160velnaus kaktus\u0173 ir ro\u017einio pipiro aromato k\u016bno losjonas. Losjonas i\u0161siskiria savo turtinga sud\u0117timi, kuri\u0105 sudaro Osmoter\u2122 kompleksas ir maitinantys botaniniai ekstraktai, kurie padidina odos dr\u0117gm\u0117s lyg\u012f ir suteikia jai komforto. Greitai susigeria, tad tinka naudoti tiek ryte, tiek vakare. Privalumai: Padidina odos dr\u0117gm\u0117s lyg\u012f &#8211; Osmoter\u2122; Apsaugo od\u0105 nuo dehidratacijis &#8211; glicerinas, alijo\u0161ius; Lygina ir<\/p>\n<div class=\"klb-readmore entry-button\"><a class=\"button light alt medium\" href=\"https:\/\/beautycharm.lt\/en\/product\/ahava-deadsea-water-spring-blossom-kuno-losjonas-250-ml\/\">Read More<\/a><\/div>","protected":false},"featured_media":1802,"comment_status":"open","ping_status":"closed","template":"","meta":{"inline_featured_image":false},"product_brand":[87],"product_cat":[118,120],"product_tag":[],"class_list":{"0":"post-1801","1":"product","2":"type-product","3":"status-publish","4":"has-post-thumbnail","6":"product_brand-ahava-lt","7":"product_cat-kuno-kremai","8":"product_cat-moterims-lt","10":"first","11":"outofstock","12":"shipping-taxable","13":"purchasable","14":"product-type-simple"},"yoast_head":"<!-- This site is optimized with the Yoast SEO plugin v27.4 - https:\/\/yoast.com\/product\/yoast-seo-wordpress\/ -->\n<title>AHAVA DEADSEA WATER SPRING BLOSSOM K\u016aNO LOSJONAS, 250 ml - Beauty Charm<\/title>\n<meta name=\"robots\" content=\"index, follow, max-snippet:-1, max-image-preview:large, max-video-preview:-1\" \/>\n<link rel=\"canonical\" href=\"https:\/\/beautycharm.lt\/en\/product\/ahava-deadsea-water-spring-blossom-kuno-losjonas-250-ml\/\" \/>\n<meta property=\"og:locale\" content=\"en_US\" \/>\n<meta property=\"og:type\" content=\"article\" \/>\n<meta property=\"og:title\" content=\"AHAVA DEADSEA WATER SPRING BLOSSOM K\u016aNO LOSJONAS, 250 ml - Beauty Charm\" \/>\n<meta property=\"og:description\" content=\"\u0160velnaus kaktus\u0173 ir ro\u017einio pipiro aromato k\u016bno losjonas. Losjonas i\u0161siskiria savo turtinga sud\u0117timi, kuri\u0105 sudaro Osmoter\u2122 kompleksas ir maitinantys botaniniai ekstraktai, kurie padidina odos dr\u0117gm\u0117s lyg\u012f ir suteikia jai komforto. Greitai susigeria, tad tinka naudoti tiek ryte, tiek vakare. Privalumai: Padidina odos dr\u0117gm\u0117s lyg\u012f &#8211; Osmoter\u2122; Apsaugo od\u0105 nuo dehidratacijis &#8211; glicerinas, alijo\u0161ius; Lygina irRead More\" \/>\n<meta property=\"og:url\" content=\"https:\/\/beautycharm.lt\/en\/product\/ahava-deadsea-water-spring-blossom-kuno-losjonas-250-ml\/\" \/>\n<meta property=\"og:site_name\" content=\"Beauty Charm\" \/>\n<meta property=\"article:publisher\" content=\"https:\/\/www.facebook.com\/faceandbodylines\/\" \/>\n<meta property=\"article:modified_time\" content=\"2025-10-06T09:37:31+00:00\" \/>\n<meta property=\"og:image\" content=\"https:\/\/beautycharm.lt\/wp-content\/uploads\/2025\/07\/ahava-deadsea-water-spring-blossom-kuno-losjonas-250-ml.jpg\" \/>\n\t<meta property=\"og:image:width\" content=\"1563\" \/>\n\t<meta property=\"og:image:height\" content=\"1563\" \/>\n\t<meta property=\"og:image:type\" content=\"image\/jpeg\" \/>\n<meta name=\"twitter:card\" content=\"summary_large_image\" \/>\n<meta name=\"twitter:label1\" content=\"Est. reading time\" \/>\n\t<meta name=\"twitter:data1\" content=\"1 minute\" \/>\n<script type=\"application\/ld+json\" class=\"yoast-schema-graph\">{\"@context\":\"https:\\\/\\\/schema.org\",\"@graph\":[{\"@type\":\"WebPage\",\"@id\":\"https:\\\/\\\/beautycharm.lt\\\/produktas\\\/ahava-deadsea-water-spring-blossom-kuno-losjonas-250-ml\\\/\",\"url\":\"https:\\\/\\\/beautycharm.lt\\\/produktas\\\/ahava-deadsea-water-spring-blossom-kuno-losjonas-250-ml\\\/\",\"name\":\"AHAVA DEADSEA WATER SPRING BLOSSOM K\u016aNO LOSJONAS, 250 ml - Beauty Charm\",\"isPartOf\":{\"@id\":\"https:\\\/\\\/beautycharm.lt\\\/#website\"},\"primaryImageOfPage\":{\"@id\":\"https:\\\/\\\/beautycharm.lt\\\/produktas\\\/ahava-deadsea-water-spring-blossom-kuno-losjonas-250-ml\\\/#primaryimage\"},\"image\":{\"@id\":\"https:\\\/\\\/beautycharm.lt\\\/produktas\\\/ahava-deadsea-water-spring-blossom-kuno-losjonas-250-ml\\\/#primaryimage\"},\"thumbnailUrl\":\"https:\\\/\\\/beautycharm.lt\\\/wp-content\\\/uploads\\\/2025\\\/07\\\/ahava-deadsea-water-spring-blossom-kuno-losjonas-250-ml.jpg\",\"datePublished\":\"2025-07-15T10:56:17+00:00\",\"dateModified\":\"2025-10-06T09:37:31+00:00\",\"breadcrumb\":{\"@id\":\"https:\\\/\\\/beautycharm.lt\\\/produktas\\\/ahava-deadsea-water-spring-blossom-kuno-losjonas-250-ml\\\/#breadcrumb\"},\"inLanguage\":\"en-US\",\"potentialAction\":[{\"@type\":\"ReadAction\",\"target\":[\"https:\\\/\\\/beautycharm.lt\\\/produktas\\\/ahava-deadsea-water-spring-blossom-kuno-losjonas-250-ml\\\/\"]}]},{\"@type\":\"ImageObject\",\"inLanguage\":\"en-US\",\"@id\":\"https:\\\/\\\/beautycharm.lt\\\/produktas\\\/ahava-deadsea-water-spring-blossom-kuno-losjonas-250-ml\\\/#primaryimage\",\"url\":\"https:\\\/\\\/beautycharm.lt\\\/wp-content\\\/uploads\\\/2025\\\/07\\\/ahava-deadsea-water-spring-blossom-kuno-losjonas-250-ml.jpg\",\"contentUrl\":\"https:\\\/\\\/beautycharm.lt\\\/wp-content\\\/uploads\\\/2025\\\/07\\\/ahava-deadsea-water-spring-blossom-kuno-losjonas-250-ml.jpg\",\"width\":1563,\"height\":1563},{\"@type\":\"BreadcrumbList\",\"@id\":\"https:\\\/\\\/beautycharm.lt\\\/produktas\\\/ahava-deadsea-water-spring-blossom-kuno-losjonas-250-ml\\\/#breadcrumb\",\"itemListElement\":[{\"@type\":\"ListItem\",\"position\":1,\"name\":\"Home\",\"item\":\"https:\\\/\\\/beautycharm.lt\\\/\"},{\"@type\":\"ListItem\",\"position\":2,\"name\":\"Parduotuv\u0117\",\"item\":\"https:\\\/\\\/beautycharm.lt\\\/parduotuve\\\/\"},{\"@type\":\"ListItem\",\"position\":3,\"name\":\"AHAVA DEADSEA WATER SPRING BLOSSOM K\u016aNO LOSJONAS, 250 ml\"}]},{\"@type\":\"WebSite\",\"@id\":\"https:\\\/\\\/beautycharm.lt\\\/#website\",\"url\":\"https:\\\/\\\/beautycharm.lt\\\/\",\"name\":\"Beauty Charm\",\"description\":\"Odos prie\u017ei\u016bra vyrams ir moterims\",\"publisher\":{\"@id\":\"https:\\\/\\\/beautycharm.lt\\\/#organization\"},\"potentialAction\":[{\"@type\":\"SearchAction\",\"target\":{\"@type\":\"EntryPoint\",\"urlTemplate\":\"https:\\\/\\\/beautycharm.lt\\\/?s={search_term_string}\"},\"query-input\":{\"@type\":\"PropertyValueSpecification\",\"valueRequired\":true,\"valueName\":\"search_term_string\"}}],\"inLanguage\":\"en-US\"},{\"@type\":\"Organization\",\"@id\":\"https:\\\/\\\/beautycharm.lt\\\/#organization\",\"name\":\"Beauty Charm\",\"url\":\"https:\\\/\\\/beautycharm.lt\\\/\",\"logo\":{\"@type\":\"ImageObject\",\"inLanguage\":\"en-US\",\"@id\":\"https:\\\/\\\/beautycharm.lt\\\/#\\\/schema\\\/logo\\\/image\\\/\",\"url\":\"https:\\\/\\\/beautycharm.lt\\\/wp-content\\\/uploads\\\/2025\\\/08\\\/BeautyCharm_t_s-1.svg\",\"contentUrl\":\"https:\\\/\\\/beautycharm.lt\\\/wp-content\\\/uploads\\\/2025\\\/08\\\/BeautyCharm_t_s-1.svg\",\"width\":148,\"height\":64,\"caption\":\"Beauty Charm\"},\"image\":{\"@id\":\"https:\\\/\\\/beautycharm.lt\\\/#\\\/schema\\\/logo\\\/image\\\/\"},\"sameAs\":[\"https:\\\/\\\/www.facebook.com\\\/faceandbodylines\\\/\",\"https:\\\/\\\/www.instagram.com\\\/the_house_of_charm\\\/\"]}]}<\/script>\n<!-- \/ Yoast SEO plugin. -->","yoast_head_json":{"title":"AHAVA DEADSEA WATER SPRING BLOSSOM K\u016aNO LOSJONAS, 250 ml - Beauty Charm","robots":{"index":"index","follow":"follow","max-snippet":"max-snippet:-1","max-image-preview":"max-image-preview:large","max-video-preview":"max-video-preview:-1"},"canonical":"https:\/\/beautycharm.lt\/en\/product\/ahava-deadsea-water-spring-blossom-kuno-losjonas-250-ml\/","og_locale":"en_US","og_type":"article","og_title":"AHAVA DEADSEA WATER SPRING BLOSSOM K\u016aNO LOSJONAS, 250 ml - Beauty Charm","og_description":"\u0160velnaus kaktus\u0173 ir ro\u017einio pipiro aromato k\u016bno losjonas. Losjonas i\u0161siskiria savo turtinga sud\u0117timi, kuri\u0105 sudaro Osmoter\u2122 kompleksas ir maitinantys botaniniai ekstraktai, kurie padidina odos dr\u0117gm\u0117s lyg\u012f ir suteikia jai komforto. Greitai susigeria, tad tinka naudoti tiek ryte, tiek vakare. Privalumai: Padidina odos dr\u0117gm\u0117s lyg\u012f &#8211; Osmoter\u2122; Apsaugo od\u0105 nuo dehidratacijis &#8211; glicerinas, alijo\u0161ius; Lygina irRead More","og_url":"https:\/\/beautycharm.lt\/en\/product\/ahava-deadsea-water-spring-blossom-kuno-losjonas-250-ml\/","og_site_name":"Beauty Charm","article_publisher":"https:\/\/www.facebook.com\/faceandbodylines\/","article_modified_time":"2025-10-06T09:37:31+00:00","og_image":[{"width":1563,"height":1563,"url":"https:\/\/beautycharm.lt\/wp-content\/uploads\/2025\/07\/ahava-deadsea-water-spring-blossom-kuno-losjonas-250-ml.jpg","type":"image\/jpeg"}],"twitter_card":"summary_large_image","twitter_misc":{"Est. reading time":"1 minute"},"schema":{"@context":"https:\/\/schema.org","@graph":[{"@type":"WebPage","@id":"https:\/\/beautycharm.lt\/produktas\/ahava-deadsea-water-spring-blossom-kuno-losjonas-250-ml\/","url":"https:\/\/beautycharm.lt\/produktas\/ahava-deadsea-water-spring-blossom-kuno-losjonas-250-ml\/","name":"AHAVA DEADSEA WATER SPRING BLOSSOM K\u016aNO LOSJONAS, 250 ml - Beauty Charm","isPartOf":{"@id":"https:\/\/beautycharm.lt\/#website"},"primaryImageOfPage":{"@id":"https:\/\/beautycharm.lt\/produktas\/ahava-deadsea-water-spring-blossom-kuno-losjonas-250-ml\/#primaryimage"},"image":{"@id":"https:\/\/beautycharm.lt\/produktas\/ahava-deadsea-water-spring-blossom-kuno-losjonas-250-ml\/#primaryimage"},"thumbnailUrl":"https:\/\/beautycharm.lt\/wp-content\/uploads\/2025\/07\/ahava-deadsea-water-spring-blossom-kuno-losjonas-250-ml.jpg","datePublished":"2025-07-15T10:56:17+00:00","dateModified":"2025-10-06T09:37:31+00:00","breadcrumb":{"@id":"https:\/\/beautycharm.lt\/produktas\/ahava-deadsea-water-spring-blossom-kuno-losjonas-250-ml\/#breadcrumb"},"inLanguage":"en-US","potentialAction":[{"@type":"ReadAction","target":["https:\/\/beautycharm.lt\/produktas\/ahava-deadsea-water-spring-blossom-kuno-losjonas-250-ml\/"]}]},{"@type":"ImageObject","inLanguage":"en-US","@id":"https:\/\/beautycharm.lt\/produktas\/ahava-deadsea-water-spring-blossom-kuno-losjonas-250-ml\/#primaryimage","url":"https:\/\/beautycharm.lt\/wp-content\/uploads\/2025\/07\/ahava-deadsea-water-spring-blossom-kuno-losjonas-250-ml.jpg","contentUrl":"https:\/\/beautycharm.lt\/wp-content\/uploads\/2025\/07\/ahava-deadsea-water-spring-blossom-kuno-losjonas-250-ml.jpg","width":1563,"height":1563},{"@type":"BreadcrumbList","@id":"https:\/\/beautycharm.lt\/produktas\/ahava-deadsea-water-spring-blossom-kuno-losjonas-250-ml\/#breadcrumb","itemListElement":[{"@type":"ListItem","position":1,"name":"Home","item":"https:\/\/beautycharm.lt\/"},{"@type":"ListItem","position":2,"name":"Parduotuv\u0117","item":"https:\/\/beautycharm.lt\/parduotuve\/"},{"@type":"ListItem","position":3,"name":"AHAVA DEADSEA WATER SPRING BLOSSOM K\u016aNO LOSJONAS, 250 ml"}]},{"@type":"WebSite","@id":"https:\/\/beautycharm.lt\/#website","url":"https:\/\/beautycharm.lt\/","name":"Beauty Charm","description":"Odos prie\u017ei\u016bra vyrams ir moterims","publisher":{"@id":"https:\/\/beautycharm.lt\/#organization"},"potentialAction":[{"@type":"SearchAction","target":{"@type":"EntryPoint","urlTemplate":"https:\/\/beautycharm.lt\/?s={search_term_string}"},"query-input":{"@type":"PropertyValueSpecification","valueRequired":true,"valueName":"search_term_string"}}],"inLanguage":"en-US"},{"@type":"Organization","@id":"https:\/\/beautycharm.lt\/#organization","name":"Beauty Charm","url":"https:\/\/beautycharm.lt\/","logo":{"@type":"ImageObject","inLanguage":"en-US","@id":"https:\/\/beautycharm.lt\/#\/schema\/logo\/image\/","url":"https:\/\/beautycharm.lt\/wp-content\/uploads\/2025\/08\/BeautyCharm_t_s-1.svg","contentUrl":"https:\/\/beautycharm.lt\/wp-content\/uploads\/2025\/08\/BeautyCharm_t_s-1.svg","width":148,"height":64,"caption":"Beauty Charm"},"image":{"@id":"https:\/\/beautycharm.lt\/#\/schema\/logo\/image\/"},"sameAs":["https:\/\/www.facebook.com\/faceandbodylines\/","https:\/\/www.instagram.com\/the_house_of_charm\/"]}]}},"_links":{"self":[{"href":"https:\/\/beautycharm.lt\/en\/wp-json\/wp\/v2\/product\/1801","targetHints":{"allow":["GET"]}}],"collection":[{"href":"https:\/\/beautycharm.lt\/en\/wp-json\/wp\/v2\/product"}],"about":[{"href":"https:\/\/beautycharm.lt\/en\/wp-json\/wp\/v2\/types\/product"}],"replies":[{"embeddable":true,"href":"https:\/\/beautycharm.lt\/en\/wp-json\/wp\/v2\/comments?post=1801"}],"wp:featuredmedia":[{"embeddable":true,"href":"https:\/\/beautycharm.lt\/en\/wp-json\/wp\/v2\/media\/1802"}],"wp:attachment":[{"href":"https:\/\/beautycharm.lt\/en\/wp-json\/wp\/v2\/media?parent=1801"}],"wp:term":[{"taxonomy":"product_brand","embeddable":true,"href":"https:\/\/beautycharm.lt\/en\/wp-json\/wp\/v2\/product_brand?post=1801"},{"taxonomy":"product_cat","embeddable":true,"href":"https:\/\/beautycharm.lt\/en\/wp-json\/wp\/v2\/product_cat?post=1801"},{"taxonomy":"product_tag","embeddable":true,"href":"https:\/\/beautycharm.lt\/en\/wp-json\/wp\/v2\/product_tag?post=1801"}],"curies":[{"name":"wp","href":"https:\/\/api.w.org\/{rel}","templated":true}]}}