{"id":1800,"date":"2025-07-15T13:56:17","date_gmt":"2025-07-15T10:56:17","guid":{"rendered":"https:\/\/beautycharm.lt\/product\/g-m-collin-bota-peptides-veido-kremas-50-ml\/"},"modified":"2025-09-15T18:15:34","modified_gmt":"2025-09-15T15:15:34","slug":"g-m-collin-bota-peptides-veido-kremas-50-ml","status":"publish","type":"product","link":"https:\/\/beautycharm.lt\/en\/product\/g-m-collin-bota-peptides-veido-kremas-50-ml\/","title":{"rendered":"G.M. COLLIN BOTA-PEPTIDES FACE CREAM, 50 ML"},"content":{"rendered":"<p>Advantages:<\/p>\n<p>Suitable for skin with expression lines and mature skin.<br \/>\nSuitable for skin lacking moisture and skin that needs to strengthen its moisture barrier.<br \/>\nThe product is suitable for skin that needs smoothness and plumpness.<br \/>\nSuitable for skin that needs radiance and improved texture.<br \/>\nHelps maintain the results of cosmetic procedures.<\/p>\n<p>Use: apply in the morning and\/or evening after cleansing, toner, and serum.<\/p>\n<p>Ingredients:<\/p>\n<p>AQUA\/WATER\/EAU, ISONONYL ISONONANOATE, BUTYLENE GLYCOL, CAPRYLIC\/CAPRIC TRIGLYCERIDE, POLYGLYCERYL-6 STEARATE, C10-18 TRIGLYCERIDES, C15-19 ALKANE, GLYCERIN, 1,2-HEXANEDIOL, ETHOXYDIGLYCOL, ETHYLHEXYL PALMITATE, HYDROXYETHYL ACRYLATE\/SODIUM ACRYLOYLDIMETHYL TAURATE COPOLYMER, POLYMETHYLSILSESQUIOXANE, HYDROXYACETOPHENONE, CITRULLUS LANATUS (WATERMELON) FRUIT EXTRACT, LENS ESCULENTA (LENTIL) FRUIT EXTRACT, TOCOPHERYL ACETATE, MEDICAGO SATIVA (ALFALFA) EXTRACT, PYRUS MALUS (APPLE) FRUIT EXTRACT, DECARBOXY CARNOSINE HCL, SODIUM HYALURONATE, ACETYL DIPEPTIDE-1 CETYL ESTER, VACCINIUM MACROCARPON (CRANBERRY) FRUIT EXTRACT, SODIUM PCA, TETRAHYDROPIPERINE, ROSMARINUS OFFICINALIS (ROSEMARY) LEAF EXTRACT, GLUTAMYLAMIDOETHYL INDOLE, ETHYLHEXYLGLYCERIN, ACETYL HEXAPEPTIDE-8, PALMITOYL TRIPEPTIDE-1, PALMITOYL TETRAPEPTIDE-50, PALMITOYL TETRAPEPTIDE-7, GLUCOMANNAN, HEPTAPEPTIDE-15 PALMITATE, PENTAPEPTIDE-34 TRIFLUOROACETATE, SODIUM BENZOATE, PHENOXYETHANOL, POTASSIUM SORBATE, TOCOPHEROL, SQUALANE, DIMETHICONE, PROPANEDIOL, SODIUM STEAROYL GLUTAMATE, POLYGLYCERYL-6 BEHENATE, ACACIA SENEGAL GUM, FRAGRANCE\/PARFUM, XANTHAN GUM, LAURETH-3, POLYSORBATE 60, SODIUM LACTATE, SORBITAN ISOSTEARATE, DIMETHICONOL, HYDROXYETHYLCELLULOSE, CARBOMER, TRIHYDROXYSTEARIN, POLYSORBATE 20, CAPRYLYL GLYCOL, GLYCERYL CAPRYLATE, LACTIC ACID\/GLYCOLIC ACID COPOLYMER, PHENYLPROPANOL, POLYVINYL ALCOHOL, BIOTIN.<\/p>","protected":false},"excerpt":{"rendered":"<p>Privalumai: Tinka odai su mimikos rauk\u0161l\u0117mis bei brand\u017eiai odai. Tinka odai, kuriai tr\u016bksta dr\u0117gm\u0117s bei odai, kuriai reikia stiprinti dr\u0117gm\u0117s barjer\u0105. Priemon\u0117 yra tinkama odai, kuriai norisi lygumo bei putlumo. Tinka odai, kuriai norisi spindesio bei geresn\u0117s tekst\u016bros. Padeda palaikyti kosmetini\u0173 proced\u016br\u0173 rezultatus. Naudojimas: tepkite ryte ir (arba) vakare po prausiklio, dulksnos ir serumo. Sud\u0117tis:<\/p>\n<div class=\"klb-readmore entry-button\"><a class=\"button light alt medium\" href=\"https:\/\/beautycharm.lt\/en\/product\/g-m-collin-bota-peptides-veido-kremas-50-ml\/\">Read More<\/a><\/div>","protected":false},"featured_media":2330,"comment_status":"open","ping_status":"closed","template":"","meta":{"inline_featured_image":false},"product_brand":[83],"product_cat":[120],"product_tag":[],"class_list":{"0":"post-1800","1":"product","2":"type-product","3":"status-publish","4":"has-post-thumbnail","6":"product_brand-g-m-collin-lt","7":"product_cat-moterims-lt","9":"first","10":"instock","11":"shipping-taxable","12":"purchasable","13":"product-type-simple"},"yoast_head":"<!-- This site is optimized with the Yoast SEO plugin v27.4 - https:\/\/yoast.com\/product\/yoast-seo-wordpress\/ -->\n<title>G.M. COLLIN BOTA-PEPTIDES VEIDO KREMAS, 50 ML - Beauty Charm<\/title>\n<meta name=\"robots\" content=\"index, follow, max-snippet:-1, max-image-preview:large, max-video-preview:-1\" \/>\n<link rel=\"canonical\" href=\"https:\/\/beautycharm.lt\/en\/product\/g-m-collin-bota-peptides-veido-kremas-50-ml\/\" \/>\n<meta property=\"og:locale\" content=\"en_US\" \/>\n<meta property=\"og:type\" content=\"article\" \/>\n<meta property=\"og:title\" content=\"G.M. COLLIN BOTA-PEPTIDES VEIDO KREMAS, 50 ML - Beauty Charm\" \/>\n<meta property=\"og:description\" content=\"Privalumai: Tinka odai su mimikos rauk\u0161l\u0117mis bei brand\u017eiai odai. Tinka odai, kuriai tr\u016bksta dr\u0117gm\u0117s bei odai, kuriai reikia stiprinti dr\u0117gm\u0117s barjer\u0105. Priemon\u0117 yra tinkama odai, kuriai norisi lygumo bei putlumo. Tinka odai, kuriai norisi spindesio bei geresn\u0117s tekst\u016bros. Padeda palaikyti kosmetini\u0173 proced\u016br\u0173 rezultatus. Naudojimas: tepkite ryte ir (arba) vakare po prausiklio, dulksnos ir serumo. Sud\u0117tis:Read More\" \/>\n<meta property=\"og:url\" content=\"https:\/\/beautycharm.lt\/en\/product\/g-m-collin-bota-peptides-veido-kremas-50-ml\/\" \/>\n<meta property=\"og:site_name\" content=\"Beauty Charm\" \/>\n<meta property=\"article:publisher\" content=\"https:\/\/www.facebook.com\/faceandbodylines\/\" \/>\n<meta property=\"article:modified_time\" content=\"2025-09-15T15:15:34+00:00\" \/>\n<meta property=\"og:image\" content=\"https:\/\/beautycharm.lt\/wp-content\/uploads\/2025\/07\/g-m-collin-bota-peptides-veido-kremas-50-ml-413x672-1.jpeg\" \/>\n\t<meta property=\"og:image:width\" content=\"413\" \/>\n\t<meta property=\"og:image:height\" content=\"672\" \/>\n\t<meta property=\"og:image:type\" content=\"image\/jpeg\" \/>\n<meta name=\"twitter:card\" content=\"summary_large_image\" \/>\n<meta name=\"twitter:label1\" content=\"Est. reading time\" \/>\n\t<meta name=\"twitter:data1\" content=\"2 minutes\" \/>\n<script type=\"application\/ld+json\" class=\"yoast-schema-graph\">{\"@context\":\"https:\\\/\\\/schema.org\",\"@graph\":[{\"@type\":\"WebPage\",\"@id\":\"https:\\\/\\\/beautycharm.lt\\\/produktas\\\/g-m-collin-bota-peptides-veido-kremas-50-ml\\\/\",\"url\":\"https:\\\/\\\/beautycharm.lt\\\/produktas\\\/g-m-collin-bota-peptides-veido-kremas-50-ml\\\/\",\"name\":\"G.M. COLLIN BOTA-PEPTIDES VEIDO KREMAS, 50 ML - Beauty Charm\",\"isPartOf\":{\"@id\":\"https:\\\/\\\/beautycharm.lt\\\/#website\"},\"primaryImageOfPage\":{\"@id\":\"https:\\\/\\\/beautycharm.lt\\\/produktas\\\/g-m-collin-bota-peptides-veido-kremas-50-ml\\\/#primaryimage\"},\"image\":{\"@id\":\"https:\\\/\\\/beautycharm.lt\\\/produktas\\\/g-m-collin-bota-peptides-veido-kremas-50-ml\\\/#primaryimage\"},\"thumbnailUrl\":\"https:\\\/\\\/beautycharm.lt\\\/wp-content\\\/uploads\\\/2025\\\/07\\\/g-m-collin-bota-peptides-veido-kremas-50-ml-413x672-1.jpeg\",\"datePublished\":\"2025-07-15T10:56:17+00:00\",\"dateModified\":\"2025-09-15T15:15:34+00:00\",\"breadcrumb\":{\"@id\":\"https:\\\/\\\/beautycharm.lt\\\/produktas\\\/g-m-collin-bota-peptides-veido-kremas-50-ml\\\/#breadcrumb\"},\"inLanguage\":\"en-US\",\"potentialAction\":[{\"@type\":\"ReadAction\",\"target\":[\"https:\\\/\\\/beautycharm.lt\\\/produktas\\\/g-m-collin-bota-peptides-veido-kremas-50-ml\\\/\"]}]},{\"@type\":\"ImageObject\",\"inLanguage\":\"en-US\",\"@id\":\"https:\\\/\\\/beautycharm.lt\\\/produktas\\\/g-m-collin-bota-peptides-veido-kremas-50-ml\\\/#primaryimage\",\"url\":\"https:\\\/\\\/beautycharm.lt\\\/wp-content\\\/uploads\\\/2025\\\/07\\\/g-m-collin-bota-peptides-veido-kremas-50-ml-413x672-1.jpeg\",\"contentUrl\":\"https:\\\/\\\/beautycharm.lt\\\/wp-content\\\/uploads\\\/2025\\\/07\\\/g-m-collin-bota-peptides-veido-kremas-50-ml-413x672-1.jpeg\",\"width\":413,\"height\":672},{\"@type\":\"BreadcrumbList\",\"@id\":\"https:\\\/\\\/beautycharm.lt\\\/produktas\\\/g-m-collin-bota-peptides-veido-kremas-50-ml\\\/#breadcrumb\",\"itemListElement\":[{\"@type\":\"ListItem\",\"position\":1,\"name\":\"Home\",\"item\":\"https:\\\/\\\/beautycharm.lt\\\/\"},{\"@type\":\"ListItem\",\"position\":2,\"name\":\"Parduotuv\u0117\",\"item\":\"https:\\\/\\\/beautycharm.lt\\\/parduotuve\\\/\"},{\"@type\":\"ListItem\",\"position\":3,\"name\":\"G.M. COLLIN BOTA-PEPTIDES VEIDO KREMAS, 50 ML\"}]},{\"@type\":\"WebSite\",\"@id\":\"https:\\\/\\\/beautycharm.lt\\\/#website\",\"url\":\"https:\\\/\\\/beautycharm.lt\\\/\",\"name\":\"Beauty Charm\",\"description\":\"Odos prie\u017ei\u016bra vyrams ir moterims\",\"publisher\":{\"@id\":\"https:\\\/\\\/beautycharm.lt\\\/#organization\"},\"potentialAction\":[{\"@type\":\"SearchAction\",\"target\":{\"@type\":\"EntryPoint\",\"urlTemplate\":\"https:\\\/\\\/beautycharm.lt\\\/?s={search_term_string}\"},\"query-input\":{\"@type\":\"PropertyValueSpecification\",\"valueRequired\":true,\"valueName\":\"search_term_string\"}}],\"inLanguage\":\"en-US\"},{\"@type\":\"Organization\",\"@id\":\"https:\\\/\\\/beautycharm.lt\\\/#organization\",\"name\":\"Beauty Charm\",\"url\":\"https:\\\/\\\/beautycharm.lt\\\/\",\"logo\":{\"@type\":\"ImageObject\",\"inLanguage\":\"en-US\",\"@id\":\"https:\\\/\\\/beautycharm.lt\\\/#\\\/schema\\\/logo\\\/image\\\/\",\"url\":\"https:\\\/\\\/beautycharm.lt\\\/wp-content\\\/uploads\\\/2025\\\/08\\\/BeautyCharm_t_s-1.svg\",\"contentUrl\":\"https:\\\/\\\/beautycharm.lt\\\/wp-content\\\/uploads\\\/2025\\\/08\\\/BeautyCharm_t_s-1.svg\",\"width\":148,\"height\":64,\"caption\":\"Beauty Charm\"},\"image\":{\"@id\":\"https:\\\/\\\/beautycharm.lt\\\/#\\\/schema\\\/logo\\\/image\\\/\"},\"sameAs\":[\"https:\\\/\\\/www.facebook.com\\\/faceandbodylines\\\/\",\"https:\\\/\\\/www.instagram.com\\\/the_house_of_charm\\\/\"]}]}<\/script>\n<!-- \/ Yoast SEO plugin. -->","yoast_head_json":{"title":"G.M. COLLIN BOTA-PEPTIDES VEIDO KREMAS, 50 ML - Beauty Charm","robots":{"index":"index","follow":"follow","max-snippet":"max-snippet:-1","max-image-preview":"max-image-preview:large","max-video-preview":"max-video-preview:-1"},"canonical":"https:\/\/beautycharm.lt\/en\/product\/g-m-collin-bota-peptides-veido-kremas-50-ml\/","og_locale":"en_US","og_type":"article","og_title":"G.M. COLLIN BOTA-PEPTIDES VEIDO KREMAS, 50 ML - Beauty Charm","og_description":"Privalumai: Tinka odai su mimikos rauk\u0161l\u0117mis bei brand\u017eiai odai. Tinka odai, kuriai tr\u016bksta dr\u0117gm\u0117s bei odai, kuriai reikia stiprinti dr\u0117gm\u0117s barjer\u0105. Priemon\u0117 yra tinkama odai, kuriai norisi lygumo bei putlumo. Tinka odai, kuriai norisi spindesio bei geresn\u0117s tekst\u016bros. Padeda palaikyti kosmetini\u0173 proced\u016br\u0173 rezultatus. Naudojimas: tepkite ryte ir (arba) vakare po prausiklio, dulksnos ir serumo. Sud\u0117tis:Read More","og_url":"https:\/\/beautycharm.lt\/en\/product\/g-m-collin-bota-peptides-veido-kremas-50-ml\/","og_site_name":"Beauty Charm","article_publisher":"https:\/\/www.facebook.com\/faceandbodylines\/","article_modified_time":"2025-09-15T15:15:34+00:00","og_image":[{"width":413,"height":672,"url":"https:\/\/beautycharm.lt\/wp-content\/uploads\/2025\/07\/g-m-collin-bota-peptides-veido-kremas-50-ml-413x672-1.jpeg","type":"image\/jpeg"}],"twitter_card":"summary_large_image","twitter_misc":{"Est. reading time":"2 minutes"},"schema":{"@context":"https:\/\/schema.org","@graph":[{"@type":"WebPage","@id":"https:\/\/beautycharm.lt\/produktas\/g-m-collin-bota-peptides-veido-kremas-50-ml\/","url":"https:\/\/beautycharm.lt\/produktas\/g-m-collin-bota-peptides-veido-kremas-50-ml\/","name":"G.M. COLLIN BOTA-PEPTIDES VEIDO KREMAS, 50 ML - Beauty Charm","isPartOf":{"@id":"https:\/\/beautycharm.lt\/#website"},"primaryImageOfPage":{"@id":"https:\/\/beautycharm.lt\/produktas\/g-m-collin-bota-peptides-veido-kremas-50-ml\/#primaryimage"},"image":{"@id":"https:\/\/beautycharm.lt\/produktas\/g-m-collin-bota-peptides-veido-kremas-50-ml\/#primaryimage"},"thumbnailUrl":"https:\/\/beautycharm.lt\/wp-content\/uploads\/2025\/07\/g-m-collin-bota-peptides-veido-kremas-50-ml-413x672-1.jpeg","datePublished":"2025-07-15T10:56:17+00:00","dateModified":"2025-09-15T15:15:34+00:00","breadcrumb":{"@id":"https:\/\/beautycharm.lt\/produktas\/g-m-collin-bota-peptides-veido-kremas-50-ml\/#breadcrumb"},"inLanguage":"en-US","potentialAction":[{"@type":"ReadAction","target":["https:\/\/beautycharm.lt\/produktas\/g-m-collin-bota-peptides-veido-kremas-50-ml\/"]}]},{"@type":"ImageObject","inLanguage":"en-US","@id":"https:\/\/beautycharm.lt\/produktas\/g-m-collin-bota-peptides-veido-kremas-50-ml\/#primaryimage","url":"https:\/\/beautycharm.lt\/wp-content\/uploads\/2025\/07\/g-m-collin-bota-peptides-veido-kremas-50-ml-413x672-1.jpeg","contentUrl":"https:\/\/beautycharm.lt\/wp-content\/uploads\/2025\/07\/g-m-collin-bota-peptides-veido-kremas-50-ml-413x672-1.jpeg","width":413,"height":672},{"@type":"BreadcrumbList","@id":"https:\/\/beautycharm.lt\/produktas\/g-m-collin-bota-peptides-veido-kremas-50-ml\/#breadcrumb","itemListElement":[{"@type":"ListItem","position":1,"name":"Home","item":"https:\/\/beautycharm.lt\/"},{"@type":"ListItem","position":2,"name":"Parduotuv\u0117","item":"https:\/\/beautycharm.lt\/parduotuve\/"},{"@type":"ListItem","position":3,"name":"G.M. COLLIN BOTA-PEPTIDES VEIDO KREMAS, 50 ML"}]},{"@type":"WebSite","@id":"https:\/\/beautycharm.lt\/#website","url":"https:\/\/beautycharm.lt\/","name":"Beauty Charm","description":"Odos prie\u017ei\u016bra vyrams ir moterims","publisher":{"@id":"https:\/\/beautycharm.lt\/#organization"},"potentialAction":[{"@type":"SearchAction","target":{"@type":"EntryPoint","urlTemplate":"https:\/\/beautycharm.lt\/?s={search_term_string}"},"query-input":{"@type":"PropertyValueSpecification","valueRequired":true,"valueName":"search_term_string"}}],"inLanguage":"en-US"},{"@type":"Organization","@id":"https:\/\/beautycharm.lt\/#organization","name":"Beauty Charm","url":"https:\/\/beautycharm.lt\/","logo":{"@type":"ImageObject","inLanguage":"en-US","@id":"https:\/\/beautycharm.lt\/#\/schema\/logo\/image\/","url":"https:\/\/beautycharm.lt\/wp-content\/uploads\/2025\/08\/BeautyCharm_t_s-1.svg","contentUrl":"https:\/\/beautycharm.lt\/wp-content\/uploads\/2025\/08\/BeautyCharm_t_s-1.svg","width":148,"height":64,"caption":"Beauty Charm"},"image":{"@id":"https:\/\/beautycharm.lt\/#\/schema\/logo\/image\/"},"sameAs":["https:\/\/www.facebook.com\/faceandbodylines\/","https:\/\/www.instagram.com\/the_house_of_charm\/"]}]}},"_links":{"self":[{"href":"https:\/\/beautycharm.lt\/en\/wp-json\/wp\/v2\/product\/1800","targetHints":{"allow":["GET"]}}],"collection":[{"href":"https:\/\/beautycharm.lt\/en\/wp-json\/wp\/v2\/product"}],"about":[{"href":"https:\/\/beautycharm.lt\/en\/wp-json\/wp\/v2\/types\/product"}],"replies":[{"embeddable":true,"href":"https:\/\/beautycharm.lt\/en\/wp-json\/wp\/v2\/comments?post=1800"}],"wp:featuredmedia":[{"embeddable":true,"href":"https:\/\/beautycharm.lt\/en\/wp-json\/wp\/v2\/media\/2330"}],"wp:attachment":[{"href":"https:\/\/beautycharm.lt\/en\/wp-json\/wp\/v2\/media?parent=1800"}],"wp:term":[{"taxonomy":"product_brand","embeddable":true,"href":"https:\/\/beautycharm.lt\/en\/wp-json\/wp\/v2\/product_brand?post=1800"},{"taxonomy":"product_cat","embeddable":true,"href":"https:\/\/beautycharm.lt\/en\/wp-json\/wp\/v2\/product_cat?post=1800"},{"taxonomy":"product_tag","embeddable":true,"href":"https:\/\/beautycharm.lt\/en\/wp-json\/wp\/v2\/product_tag?post=1800"}],"curies":[{"name":"wp","href":"https:\/\/api.w.org\/{rel}","templated":true}]}}