{"id":1798,"date":"2025-07-15T13:56:16","date_gmt":"2025-07-15T10:56:16","guid":{"rendered":"https:\/\/beautycharm.lt\/product\/heliocare-360-oil-free-apsaugine-kompaktine-pudra-spf50-10-g-bronze\/"},"modified":"2025-09-15T18:04:13","modified_gmt":"2025-09-15T15:04:13","slug":"heliocare-360-oil-free-apsaugine-kompaktine-pudra-spf50-10-g-bronze","status":"publish","type":"product","link":"https:\/\/beautycharm.lt\/en\/product\/heliocare-360-oil-free-apsaugine-kompaktine-pudra-spf50-10-g-bronze\/","title":{"rendered":"HELIOCARE 360 OIL-FREE PROTECTIVE COMPACT POWDER SPF50, 10 G (Bronze)"},"content":{"rendered":"<p>This oil-free product is suitable for all skin types, including sensitive skin. The matte finish ensures that your skin looks natural and helps prevent shine.<\/p>\n<p>The powder contains Fernblock\u00ae, an extract obtained from the fern Polypodium leucotomos, known for its powerful antioxidant properties, which are suitable for sun-damaged skin. This product has been tested by dermatologists and ophthalmologists, is non-comedogenic, and is resistant to water and sweat.<\/p>\n<p>Advantages:<\/p>\n<p>SPF50+ protection against UVB, UVA, visible light, and infrared rays;<br \/>\nhelps to even out skin tone;<br \/>\ngives the skin a natural matte effect;<br \/>\nsuitable for skin that needs antioxidant protection;<br \/>\nwaterproof and sweatproof;<br \/>\nnon-comedogenic;<br \/>\nDermatologically and ophthalmologically tested.<\/p>\n<p>Active ingredients:<\/p>\n<p>Fernblock\u00ae+ \u2013 extract from the tropical fern Polypodium leucotomos, which creates a natural protective mechanism.<br \/>\nGreen tea extract \u2013 rich in antioxidants that neutralize free radical damage and help prevent oxidative stress.<br \/>\nChemical and physical sun filters \u2013 provide protection against UV rays.<br \/>\nIron oxides not only determine the color of the product, but also protect against visible light, which promotes hyperpigmentation.<\/p>\n<p>Use: Before sun exposure, apply sunscreen powder generously and evenly. Reapply frequently throughout the day.<\/p>\n<p>Ingredients:<\/p>\n<p>Hydrogenated Polyisobutene; Ethylhexyl Palmitate; Octocrylene; Titanium Dioxide (nano); CI 77891 ; Hydrogenated Mycrocrystalline Wax; Synthetic Wax; Mica; Polymethyl Methacrylate; Ethylhexyl Salicylate; Bis-thylhexyloxyphenol Methoxyphenyl Triazine; Nylon-12; Methyl Methacrylate Crosspolymer; Copernicia cerifera Wax; Silica; Talc; Hydrogenated Castor Oil; Alumina; CI 77492; Paraffinum Liquidum; Glyceryl Caprylate; Tocopheryl Acetate; Ricinus communis Seed Oil; Aqua; Simethicone; Dextrin Palmitate; Parfum; Polypodium leucotomos Leaf Extract; CI 77491; Glycine Soja Oil; CI 77499; Propylene Glycol; Tocopherol; Beta-sitosterol; Camellia sinensis Leaf Extract; Squalene; Linalool.<\/p>","protected":false},"excerpt":{"rendered":"<p>Sud\u0117tyje aliejaus neturinti priemon\u0117 yra tinkama vis\u0173 tip\u0173 odai, \u012fskaitant jautri\u0105. Matinis efektas u\u017etikrina, kad j\u016bs\u0173 oda atrodyt\u0173 nat\u016braliai, padeda i\u0161vengti blizgesio. Pudroje yra Fernblock\u00ae \u2013 ekstrakto, gauto i\u0161 papar\u010dio Polypodium leucotomos, \u017einomo d\u0117l savo stipri\u0173 antioksidacini\u0173 savybi\u0173, kurios tinkamos saul\u0117s pa\u017eeistai odai. \u0160is produktas yra patikrintas dermatolog\u0173 ir oftalmolog\u0173 kontrol\u0117je, jis n\u0117ra komedogeni\u0161kas ir<\/p>\n<div class=\"klb-readmore entry-button\"><a class=\"button light alt medium\" href=\"https:\/\/beautycharm.lt\/en\/product\/heliocare-360-oil-free-apsaugine-kompaktine-pudra-spf50-10-g-bronze\/\">Read More<\/a><\/div>","protected":false},"featured_media":2324,"comment_status":"open","ping_status":"closed","template":"","meta":{"inline_featured_image":false},"product_brand":[89],"product_cat":[120],"product_tag":[],"class_list":{"0":"post-1798","1":"product","2":"type-product","3":"status-publish","4":"has-post-thumbnail","6":"product_brand-heliocare-lt","7":"product_cat-moterims-lt","9":"first","10":"instock","11":"shipping-taxable","12":"purchasable","13":"product-type-simple"},"yoast_head":"<!-- This site is optimized with the Yoast SEO plugin v27.4 - https:\/\/yoast.com\/product\/yoast-seo-wordpress\/ -->\n<title>HELIOCARE 360 OIL-FREE APSAUGIN\u0116 KOMPAKTIN\u0116 PUDRA SPF50, 10 G (Bronze) - Beauty Charm<\/title>\n<meta name=\"robots\" content=\"index, follow, max-snippet:-1, max-image-preview:large, max-video-preview:-1\" \/>\n<link rel=\"canonical\" href=\"https:\/\/beautycharm.lt\/en\/product\/heliocare-360-oil-free-apsaugine-kompaktine-pudra-spf50-10-g-bronze\/\" \/>\n<meta property=\"og:locale\" content=\"en_US\" \/>\n<meta property=\"og:type\" content=\"article\" \/>\n<meta property=\"og:title\" content=\"HELIOCARE 360 OIL-FREE APSAUGIN\u0116 KOMPAKTIN\u0116 PUDRA SPF50, 10 G (Bronze) - Beauty Charm\" \/>\n<meta property=\"og:description\" content=\"Sud\u0117tyje aliejaus neturinti priemon\u0117 yra tinkama vis\u0173 tip\u0173 odai, \u012fskaitant jautri\u0105. Matinis efektas u\u017etikrina, kad j\u016bs\u0173 oda atrodyt\u0173 nat\u016braliai, padeda i\u0161vengti blizgesio. Pudroje yra Fernblock\u00ae \u2013 ekstrakto, gauto i\u0161 papar\u010dio Polypodium leucotomos, \u017einomo d\u0117l savo stipri\u0173 antioksidacini\u0173 savybi\u0173, kurios tinkamos saul\u0117s pa\u017eeistai odai. \u0160is produktas yra patikrintas dermatolog\u0173 ir oftalmolog\u0173 kontrol\u0117je, jis n\u0117ra komedogeni\u0161kas irRead More\" \/>\n<meta property=\"og:url\" content=\"https:\/\/beautycharm.lt\/en\/product\/heliocare-360-oil-free-apsaugine-kompaktine-pudra-spf50-10-g-bronze\/\" \/>\n<meta property=\"og:site_name\" content=\"Beauty Charm\" \/>\n<meta property=\"article:publisher\" content=\"https:\/\/www.facebook.com\/faceandbodylines\/\" \/>\n<meta property=\"article:modified_time\" content=\"2025-09-15T15:04:13+00:00\" \/>\n<meta property=\"og:image\" content=\"https:\/\/beautycharm.lt\/wp-content\/uploads\/2025\/07\/heliocare-oil-free-compact-spf50-bronze-10g-413x672-1.jpeg\" \/>\n\t<meta property=\"og:image:width\" content=\"413\" \/>\n\t<meta property=\"og:image:height\" content=\"672\" \/>\n\t<meta property=\"og:image:type\" content=\"image\/jpeg\" \/>\n<meta name=\"twitter:card\" content=\"summary_large_image\" \/>\n<meta name=\"twitter:label1\" content=\"Est. reading time\" \/>\n\t<meta name=\"twitter:data1\" content=\"2 minutes\" \/>\n<script type=\"application\/ld+json\" class=\"yoast-schema-graph\">{\"@context\":\"https:\\\/\\\/schema.org\",\"@graph\":[{\"@type\":\"WebPage\",\"@id\":\"https:\\\/\\\/beautycharm.lt\\\/produktas\\\/heliocare-360-oil-free-apsaugine-kompaktine-pudra-spf50-10-g-bronze\\\/\",\"url\":\"https:\\\/\\\/beautycharm.lt\\\/produktas\\\/heliocare-360-oil-free-apsaugine-kompaktine-pudra-spf50-10-g-bronze\\\/\",\"name\":\"HELIOCARE 360 OIL-FREE APSAUGIN\u0116 KOMPAKTIN\u0116 PUDRA SPF50, 10 G (Bronze) - Beauty Charm\",\"isPartOf\":{\"@id\":\"https:\\\/\\\/beautycharm.lt\\\/#website\"},\"primaryImageOfPage\":{\"@id\":\"https:\\\/\\\/beautycharm.lt\\\/produktas\\\/heliocare-360-oil-free-apsaugine-kompaktine-pudra-spf50-10-g-bronze\\\/#primaryimage\"},\"image\":{\"@id\":\"https:\\\/\\\/beautycharm.lt\\\/produktas\\\/heliocare-360-oil-free-apsaugine-kompaktine-pudra-spf50-10-g-bronze\\\/#primaryimage\"},\"thumbnailUrl\":\"https:\\\/\\\/beautycharm.lt\\\/wp-content\\\/uploads\\\/2025\\\/07\\\/heliocare-oil-free-compact-spf50-bronze-10g-413x672-1.jpeg\",\"datePublished\":\"2025-07-15T10:56:16+00:00\",\"dateModified\":\"2025-09-15T15:04:13+00:00\",\"breadcrumb\":{\"@id\":\"https:\\\/\\\/beautycharm.lt\\\/produktas\\\/heliocare-360-oil-free-apsaugine-kompaktine-pudra-spf50-10-g-bronze\\\/#breadcrumb\"},\"inLanguage\":\"en-US\",\"potentialAction\":[{\"@type\":\"ReadAction\",\"target\":[\"https:\\\/\\\/beautycharm.lt\\\/produktas\\\/heliocare-360-oil-free-apsaugine-kompaktine-pudra-spf50-10-g-bronze\\\/\"]}]},{\"@type\":\"ImageObject\",\"inLanguage\":\"en-US\",\"@id\":\"https:\\\/\\\/beautycharm.lt\\\/produktas\\\/heliocare-360-oil-free-apsaugine-kompaktine-pudra-spf50-10-g-bronze\\\/#primaryimage\",\"url\":\"https:\\\/\\\/beautycharm.lt\\\/wp-content\\\/uploads\\\/2025\\\/07\\\/heliocare-oil-free-compact-spf50-bronze-10g-413x672-1.jpeg\",\"contentUrl\":\"https:\\\/\\\/beautycharm.lt\\\/wp-content\\\/uploads\\\/2025\\\/07\\\/heliocare-oil-free-compact-spf50-bronze-10g-413x672-1.jpeg\",\"width\":413,\"height\":672},{\"@type\":\"BreadcrumbList\",\"@id\":\"https:\\\/\\\/beautycharm.lt\\\/produktas\\\/heliocare-360-oil-free-apsaugine-kompaktine-pudra-spf50-10-g-bronze\\\/#breadcrumb\",\"itemListElement\":[{\"@type\":\"ListItem\",\"position\":1,\"name\":\"Home\",\"item\":\"https:\\\/\\\/beautycharm.lt\\\/\"},{\"@type\":\"ListItem\",\"position\":2,\"name\":\"Parduotuv\u0117\",\"item\":\"https:\\\/\\\/beautycharm.lt\\\/parduotuve\\\/\"},{\"@type\":\"ListItem\",\"position\":3,\"name\":\"HELIOCARE 360 OIL-FREE APSAUGIN\u0116 KOMPAKTIN\u0116 PUDRA SPF50, 10 G (Bronze)\"}]},{\"@type\":\"WebSite\",\"@id\":\"https:\\\/\\\/beautycharm.lt\\\/#website\",\"url\":\"https:\\\/\\\/beautycharm.lt\\\/\",\"name\":\"Beauty Charm\",\"description\":\"Odos prie\u017ei\u016bra vyrams ir moterims\",\"publisher\":{\"@id\":\"https:\\\/\\\/beautycharm.lt\\\/#organization\"},\"potentialAction\":[{\"@type\":\"SearchAction\",\"target\":{\"@type\":\"EntryPoint\",\"urlTemplate\":\"https:\\\/\\\/beautycharm.lt\\\/?s={search_term_string}\"},\"query-input\":{\"@type\":\"PropertyValueSpecification\",\"valueRequired\":true,\"valueName\":\"search_term_string\"}}],\"inLanguage\":\"en-US\"},{\"@type\":\"Organization\",\"@id\":\"https:\\\/\\\/beautycharm.lt\\\/#organization\",\"name\":\"Beauty Charm\",\"url\":\"https:\\\/\\\/beautycharm.lt\\\/\",\"logo\":{\"@type\":\"ImageObject\",\"inLanguage\":\"en-US\",\"@id\":\"https:\\\/\\\/beautycharm.lt\\\/#\\\/schema\\\/logo\\\/image\\\/\",\"url\":\"https:\\\/\\\/beautycharm.lt\\\/wp-content\\\/uploads\\\/2025\\\/08\\\/BeautyCharm_t_s-1.svg\",\"contentUrl\":\"https:\\\/\\\/beautycharm.lt\\\/wp-content\\\/uploads\\\/2025\\\/08\\\/BeautyCharm_t_s-1.svg\",\"width\":148,\"height\":64,\"caption\":\"Beauty Charm\"},\"image\":{\"@id\":\"https:\\\/\\\/beautycharm.lt\\\/#\\\/schema\\\/logo\\\/image\\\/\"},\"sameAs\":[\"https:\\\/\\\/www.facebook.com\\\/faceandbodylines\\\/\",\"https:\\\/\\\/www.instagram.com\\\/the_house_of_charm\\\/\"]}]}<\/script>\n<!-- \/ Yoast SEO plugin. -->","yoast_head_json":{"title":"HELIOCARE 360 OIL-FREE APSAUGIN\u0116 KOMPAKTIN\u0116 PUDRA SPF50, 10 G (Bronze) - Beauty Charm","robots":{"index":"index","follow":"follow","max-snippet":"max-snippet:-1","max-image-preview":"max-image-preview:large","max-video-preview":"max-video-preview:-1"},"canonical":"https:\/\/beautycharm.lt\/en\/product\/heliocare-360-oil-free-apsaugine-kompaktine-pudra-spf50-10-g-bronze\/","og_locale":"en_US","og_type":"article","og_title":"HELIOCARE 360 OIL-FREE APSAUGIN\u0116 KOMPAKTIN\u0116 PUDRA SPF50, 10 G (Bronze) - Beauty Charm","og_description":"Sud\u0117tyje aliejaus neturinti priemon\u0117 yra tinkama vis\u0173 tip\u0173 odai, \u012fskaitant jautri\u0105. Matinis efektas u\u017etikrina, kad j\u016bs\u0173 oda atrodyt\u0173 nat\u016braliai, padeda i\u0161vengti blizgesio. Pudroje yra Fernblock\u00ae \u2013 ekstrakto, gauto i\u0161 papar\u010dio Polypodium leucotomos, \u017einomo d\u0117l savo stipri\u0173 antioksidacini\u0173 savybi\u0173, kurios tinkamos saul\u0117s pa\u017eeistai odai. \u0160is produktas yra patikrintas dermatolog\u0173 ir oftalmolog\u0173 kontrol\u0117je, jis n\u0117ra komedogeni\u0161kas irRead More","og_url":"https:\/\/beautycharm.lt\/en\/product\/heliocare-360-oil-free-apsaugine-kompaktine-pudra-spf50-10-g-bronze\/","og_site_name":"Beauty Charm","article_publisher":"https:\/\/www.facebook.com\/faceandbodylines\/","article_modified_time":"2025-09-15T15:04:13+00:00","og_image":[{"width":413,"height":672,"url":"https:\/\/beautycharm.lt\/wp-content\/uploads\/2025\/07\/heliocare-oil-free-compact-spf50-bronze-10g-413x672-1.jpeg","type":"image\/jpeg"}],"twitter_card":"summary_large_image","twitter_misc":{"Est. reading time":"2 minutes"},"schema":{"@context":"https:\/\/schema.org","@graph":[{"@type":"WebPage","@id":"https:\/\/beautycharm.lt\/produktas\/heliocare-360-oil-free-apsaugine-kompaktine-pudra-spf50-10-g-bronze\/","url":"https:\/\/beautycharm.lt\/produktas\/heliocare-360-oil-free-apsaugine-kompaktine-pudra-spf50-10-g-bronze\/","name":"HELIOCARE 360 OIL-FREE APSAUGIN\u0116 KOMPAKTIN\u0116 PUDRA SPF50, 10 G (Bronze) - Beauty Charm","isPartOf":{"@id":"https:\/\/beautycharm.lt\/#website"},"primaryImageOfPage":{"@id":"https:\/\/beautycharm.lt\/produktas\/heliocare-360-oil-free-apsaugine-kompaktine-pudra-spf50-10-g-bronze\/#primaryimage"},"image":{"@id":"https:\/\/beautycharm.lt\/produktas\/heliocare-360-oil-free-apsaugine-kompaktine-pudra-spf50-10-g-bronze\/#primaryimage"},"thumbnailUrl":"https:\/\/beautycharm.lt\/wp-content\/uploads\/2025\/07\/heliocare-oil-free-compact-spf50-bronze-10g-413x672-1.jpeg","datePublished":"2025-07-15T10:56:16+00:00","dateModified":"2025-09-15T15:04:13+00:00","breadcrumb":{"@id":"https:\/\/beautycharm.lt\/produktas\/heliocare-360-oil-free-apsaugine-kompaktine-pudra-spf50-10-g-bronze\/#breadcrumb"},"inLanguage":"en-US","potentialAction":[{"@type":"ReadAction","target":["https:\/\/beautycharm.lt\/produktas\/heliocare-360-oil-free-apsaugine-kompaktine-pudra-spf50-10-g-bronze\/"]}]},{"@type":"ImageObject","inLanguage":"en-US","@id":"https:\/\/beautycharm.lt\/produktas\/heliocare-360-oil-free-apsaugine-kompaktine-pudra-spf50-10-g-bronze\/#primaryimage","url":"https:\/\/beautycharm.lt\/wp-content\/uploads\/2025\/07\/heliocare-oil-free-compact-spf50-bronze-10g-413x672-1.jpeg","contentUrl":"https:\/\/beautycharm.lt\/wp-content\/uploads\/2025\/07\/heliocare-oil-free-compact-spf50-bronze-10g-413x672-1.jpeg","width":413,"height":672},{"@type":"BreadcrumbList","@id":"https:\/\/beautycharm.lt\/produktas\/heliocare-360-oil-free-apsaugine-kompaktine-pudra-spf50-10-g-bronze\/#breadcrumb","itemListElement":[{"@type":"ListItem","position":1,"name":"Home","item":"https:\/\/beautycharm.lt\/"},{"@type":"ListItem","position":2,"name":"Parduotuv\u0117","item":"https:\/\/beautycharm.lt\/parduotuve\/"},{"@type":"ListItem","position":3,"name":"HELIOCARE 360 OIL-FREE APSAUGIN\u0116 KOMPAKTIN\u0116 PUDRA SPF50, 10 G (Bronze)"}]},{"@type":"WebSite","@id":"https:\/\/beautycharm.lt\/#website","url":"https:\/\/beautycharm.lt\/","name":"Beauty Charm","description":"Odos prie\u017ei\u016bra vyrams ir moterims","publisher":{"@id":"https:\/\/beautycharm.lt\/#organization"},"potentialAction":[{"@type":"SearchAction","target":{"@type":"EntryPoint","urlTemplate":"https:\/\/beautycharm.lt\/?s={search_term_string}"},"query-input":{"@type":"PropertyValueSpecification","valueRequired":true,"valueName":"search_term_string"}}],"inLanguage":"en-US"},{"@type":"Organization","@id":"https:\/\/beautycharm.lt\/#organization","name":"Beauty Charm","url":"https:\/\/beautycharm.lt\/","logo":{"@type":"ImageObject","inLanguage":"en-US","@id":"https:\/\/beautycharm.lt\/#\/schema\/logo\/image\/","url":"https:\/\/beautycharm.lt\/wp-content\/uploads\/2025\/08\/BeautyCharm_t_s-1.svg","contentUrl":"https:\/\/beautycharm.lt\/wp-content\/uploads\/2025\/08\/BeautyCharm_t_s-1.svg","width":148,"height":64,"caption":"Beauty Charm"},"image":{"@id":"https:\/\/beautycharm.lt\/#\/schema\/logo\/image\/"},"sameAs":["https:\/\/www.facebook.com\/faceandbodylines\/","https:\/\/www.instagram.com\/the_house_of_charm\/"]}]}},"_links":{"self":[{"href":"https:\/\/beautycharm.lt\/en\/wp-json\/wp\/v2\/product\/1798","targetHints":{"allow":["GET"]}}],"collection":[{"href":"https:\/\/beautycharm.lt\/en\/wp-json\/wp\/v2\/product"}],"about":[{"href":"https:\/\/beautycharm.lt\/en\/wp-json\/wp\/v2\/types\/product"}],"replies":[{"embeddable":true,"href":"https:\/\/beautycharm.lt\/en\/wp-json\/wp\/v2\/comments?post=1798"}],"wp:featuredmedia":[{"embeddable":true,"href":"https:\/\/beautycharm.lt\/en\/wp-json\/wp\/v2\/media\/2324"}],"wp:attachment":[{"href":"https:\/\/beautycharm.lt\/en\/wp-json\/wp\/v2\/media?parent=1798"}],"wp:term":[{"taxonomy":"product_brand","embeddable":true,"href":"https:\/\/beautycharm.lt\/en\/wp-json\/wp\/v2\/product_brand?post=1798"},{"taxonomy":"product_cat","embeddable":true,"href":"https:\/\/beautycharm.lt\/en\/wp-json\/wp\/v2\/product_cat?post=1798"},{"taxonomy":"product_tag","embeddable":true,"href":"https:\/\/beautycharm.lt\/en\/wp-json\/wp\/v2\/product_tag?post=1798"}],"curies":[{"name":"wp","href":"https:\/\/api.w.org\/{rel}","templated":true}]}}