{"id":1794,"date":"2025-07-15T13:56:04","date_gmt":"2025-07-15T10:56:04","guid":{"rendered":"https:\/\/beautycharm.lt\/product\/g-m-collin-phytoderm-valomasis-aliejus-150ml\/"},"modified":"2025-08-12T23:19:14","modified_gmt":"2025-08-12T20:19:14","slug":"g-m-collin-phytoderm-valomasis-aliejus-150ml","status":"publish","type":"product","link":"https:\/\/beautycharm.lt\/en\/product\/g-m-collin-phytoderm-valomasis-aliejus-150ml\/","title":{"rendered":"G.M. COLLIN PHYTODERM CLEANSING OIL, 150ML"},"content":{"rendered":"<p>Introducing PHYTODERM\u2122 Cleansing Oil, an innovative product designed for professional and everyday use that will become an indispensable part of your double cleansing routine. It is a gentle, effective, and versatile solution suitable for all skin types. <\/p>\n<p>Advantages:<\/p>\n<p>\tOdorless, effectively removes makeup, SPF products, and accumulated impurities from the face, eyes, and lips.<br \/>\n\tEmulsifies with water \u2013 easy to wash off, leaves no greasy feeling.<br \/>\n\tThe composition is enriched with moisturizing ingredients.<br \/>\n\tIdeal for use in a double cleansing routine together with other G.M. COLLIN cleansers.<\/p>\n<p>Ingredients: caprylic\/capric triglyceride, Peg-20 glyceryl triisostearate, C12-15 alkyl benzoate, hydrogenated polyisobutene, squalane, Simmondsia Chinensis (jojoba) seed oil, Argania Spinosa kernel oil, tocopheryl acetate, tocopherol.<\/p>","protected":false},"excerpt":{"rendered":"<p>Pristatome nauj\u0105 PHYTODERM\u2122 valom\u0105j\u012f aliej\u0173 \u2013 inovatyv\u0173 produkt\u0105, skirt\u0105 profesionaliam ir kasdieniam naudojimui, kuris taps nepakei\u010diama dvigubo valymo rutinos dalimi. Tai \u2013 \u0161velnus, efektyvus ir universalaus naudojimo sprendimas, pritaikytas visiems odos tipams. Privalumai: Bekvapis, efektyviai pa\u0161alina makia\u017e\u0105, SPF priemones ir susikaupusius ne\u0161varumus nuo veido, aki\u0173 ir l\u016bp\u0173. Emulsuojasi su vandeniu &#8211; lengvai nuplaunamas, nepalieka riebumo<\/p>\n<div class=\"klb-readmore entry-button\"><a class=\"button light alt medium\" href=\"https:\/\/beautycharm.lt\/en\/product\/g-m-collin-phytoderm-valomasis-aliejus-150ml\/\">Read More<\/a><\/div>","protected":false},"featured_media":1795,"comment_status":"open","ping_status":"closed","template":"","meta":{"inline_featured_image":false},"product_brand":[83],"product_cat":[120],"product_tag":[],"class_list":{"0":"post-1794","1":"product","2":"type-product","3":"status-publish","4":"has-post-thumbnail","6":"product_brand-g-m-collin-lt","7":"product_cat-moterims-lt","9":"first","10":"instock","11":"shipping-taxable","12":"purchasable","13":"product-type-simple"},"yoast_head":"<!-- This site is optimized with the Yoast SEO plugin v27.4 - https:\/\/yoast.com\/product\/yoast-seo-wordpress\/ -->\n<title>G.M. COLLIN PHYTODERM VALOMASIS ALIEJUS, 150ML - Beauty Charm<\/title>\n<meta name=\"robots\" content=\"index, follow, max-snippet:-1, max-image-preview:large, max-video-preview:-1\" \/>\n<link rel=\"canonical\" href=\"https:\/\/beautycharm.lt\/en\/product\/g-m-collin-phytoderm-valomasis-aliejus-150ml\/\" \/>\n<meta property=\"og:locale\" content=\"en_US\" \/>\n<meta property=\"og:type\" content=\"article\" \/>\n<meta property=\"og:title\" content=\"G.M. COLLIN PHYTODERM VALOMASIS ALIEJUS, 150ML - Beauty Charm\" \/>\n<meta property=\"og:description\" content=\"Pristatome nauj\u0105 PHYTODERM\u2122 valom\u0105j\u012f aliej\u0173 \u2013 inovatyv\u0173 produkt\u0105, skirt\u0105 profesionaliam ir kasdieniam naudojimui, kuris taps nepakei\u010diama dvigubo valymo rutinos dalimi. Tai \u2013 \u0161velnus, efektyvus ir universalaus naudojimo sprendimas, pritaikytas visiems odos tipams. Privalumai: Bekvapis, efektyviai pa\u0161alina makia\u017e\u0105, SPF priemones ir susikaupusius ne\u0161varumus nuo veido, aki\u0173 ir l\u016bp\u0173. Emulsuojasi su vandeniu &#8211; lengvai nuplaunamas, nepalieka riebumoRead More\" \/>\n<meta property=\"og:url\" content=\"https:\/\/beautycharm.lt\/en\/product\/g-m-collin-phytoderm-valomasis-aliejus-150ml\/\" \/>\n<meta property=\"og:site_name\" content=\"Beauty Charm\" \/>\n<meta property=\"article:publisher\" content=\"https:\/\/www.facebook.com\/faceandbodylines\/\" \/>\n<meta property=\"article:modified_time\" content=\"2025-08-12T20:19:14+00:00\" \/>\n<meta property=\"og:image\" content=\"https:\/\/beautycharm.lt\/wp-content\/uploads\/2025\/07\/g-m-collin-phytoderm-valomasis-aliejus-150ml.png\" \/>\n\t<meta property=\"og:image:width\" content=\"1563\" \/>\n\t<meta property=\"og:image:height\" content=\"1563\" \/>\n\t<meta property=\"og:image:type\" content=\"image\/png\" \/>\n<meta name=\"twitter:card\" content=\"summary_large_image\" \/>\n<meta name=\"twitter:label1\" content=\"Est. reading time\" \/>\n\t<meta name=\"twitter:data1\" content=\"1 minute\" \/>\n<script type=\"application\/ld+json\" class=\"yoast-schema-graph\">{\"@context\":\"https:\\\/\\\/schema.org\",\"@graph\":[{\"@type\":\"WebPage\",\"@id\":\"https:\\\/\\\/beautycharm.lt\\\/produktas\\\/g-m-collin-phytoderm-valomasis-aliejus-150ml\\\/\",\"url\":\"https:\\\/\\\/beautycharm.lt\\\/produktas\\\/g-m-collin-phytoderm-valomasis-aliejus-150ml\\\/\",\"name\":\"G.M. COLLIN PHYTODERM VALOMASIS ALIEJUS, 150ML - Beauty Charm\",\"isPartOf\":{\"@id\":\"https:\\\/\\\/beautycharm.lt\\\/#website\"},\"primaryImageOfPage\":{\"@id\":\"https:\\\/\\\/beautycharm.lt\\\/produktas\\\/g-m-collin-phytoderm-valomasis-aliejus-150ml\\\/#primaryimage\"},\"image\":{\"@id\":\"https:\\\/\\\/beautycharm.lt\\\/produktas\\\/g-m-collin-phytoderm-valomasis-aliejus-150ml\\\/#primaryimage\"},\"thumbnailUrl\":\"https:\\\/\\\/beautycharm.lt\\\/wp-content\\\/uploads\\\/2025\\\/07\\\/g-m-collin-phytoderm-valomasis-aliejus-150ml.png\",\"datePublished\":\"2025-07-15T10:56:04+00:00\",\"dateModified\":\"2025-08-12T20:19:14+00:00\",\"breadcrumb\":{\"@id\":\"https:\\\/\\\/beautycharm.lt\\\/produktas\\\/g-m-collin-phytoderm-valomasis-aliejus-150ml\\\/#breadcrumb\"},\"inLanguage\":\"en-US\",\"potentialAction\":[{\"@type\":\"ReadAction\",\"target\":[\"https:\\\/\\\/beautycharm.lt\\\/produktas\\\/g-m-collin-phytoderm-valomasis-aliejus-150ml\\\/\"]}]},{\"@type\":\"ImageObject\",\"inLanguage\":\"en-US\",\"@id\":\"https:\\\/\\\/beautycharm.lt\\\/produktas\\\/g-m-collin-phytoderm-valomasis-aliejus-150ml\\\/#primaryimage\",\"url\":\"https:\\\/\\\/beautycharm.lt\\\/wp-content\\\/uploads\\\/2025\\\/07\\\/g-m-collin-phytoderm-valomasis-aliejus-150ml.png\",\"contentUrl\":\"https:\\\/\\\/beautycharm.lt\\\/wp-content\\\/uploads\\\/2025\\\/07\\\/g-m-collin-phytoderm-valomasis-aliejus-150ml.png\",\"width\":1563,\"height\":1563},{\"@type\":\"BreadcrumbList\",\"@id\":\"https:\\\/\\\/beautycharm.lt\\\/produktas\\\/g-m-collin-phytoderm-valomasis-aliejus-150ml\\\/#breadcrumb\",\"itemListElement\":[{\"@type\":\"ListItem\",\"position\":1,\"name\":\"Home\",\"item\":\"https:\\\/\\\/beautycharm.lt\\\/\"},{\"@type\":\"ListItem\",\"position\":2,\"name\":\"Parduotuv\u0117\",\"item\":\"https:\\\/\\\/beautycharm.lt\\\/parduotuve\\\/\"},{\"@type\":\"ListItem\",\"position\":3,\"name\":\"G.M. COLLIN PHYTODERM VALOMASIS ALIEJUS, 150ML\"}]},{\"@type\":\"WebSite\",\"@id\":\"https:\\\/\\\/beautycharm.lt\\\/#website\",\"url\":\"https:\\\/\\\/beautycharm.lt\\\/\",\"name\":\"Beauty Charm\",\"description\":\"Odos prie\u017ei\u016bra vyrams ir moterims\",\"publisher\":{\"@id\":\"https:\\\/\\\/beautycharm.lt\\\/#organization\"},\"potentialAction\":[{\"@type\":\"SearchAction\",\"target\":{\"@type\":\"EntryPoint\",\"urlTemplate\":\"https:\\\/\\\/beautycharm.lt\\\/?s={search_term_string}\"},\"query-input\":{\"@type\":\"PropertyValueSpecification\",\"valueRequired\":true,\"valueName\":\"search_term_string\"}}],\"inLanguage\":\"en-US\"},{\"@type\":\"Organization\",\"@id\":\"https:\\\/\\\/beautycharm.lt\\\/#organization\",\"name\":\"Beauty Charm\",\"url\":\"https:\\\/\\\/beautycharm.lt\\\/\",\"logo\":{\"@type\":\"ImageObject\",\"inLanguage\":\"en-US\",\"@id\":\"https:\\\/\\\/beautycharm.lt\\\/#\\\/schema\\\/logo\\\/image\\\/\",\"url\":\"https:\\\/\\\/beautycharm.lt\\\/wp-content\\\/uploads\\\/2025\\\/08\\\/BeautyCharm_t_s-1.svg\",\"contentUrl\":\"https:\\\/\\\/beautycharm.lt\\\/wp-content\\\/uploads\\\/2025\\\/08\\\/BeautyCharm_t_s-1.svg\",\"width\":148,\"height\":64,\"caption\":\"Beauty Charm\"},\"image\":{\"@id\":\"https:\\\/\\\/beautycharm.lt\\\/#\\\/schema\\\/logo\\\/image\\\/\"},\"sameAs\":[\"https:\\\/\\\/www.facebook.com\\\/faceandbodylines\\\/\",\"https:\\\/\\\/www.instagram.com\\\/the_house_of_charm\\\/\"]}]}<\/script>\n<!-- \/ Yoast SEO plugin. -->","yoast_head_json":{"title":"G.M. COLLIN PHYTODERM VALOMASIS ALIEJUS, 150ML - Beauty Charm","robots":{"index":"index","follow":"follow","max-snippet":"max-snippet:-1","max-image-preview":"max-image-preview:large","max-video-preview":"max-video-preview:-1"},"canonical":"https:\/\/beautycharm.lt\/en\/product\/g-m-collin-phytoderm-valomasis-aliejus-150ml\/","og_locale":"en_US","og_type":"article","og_title":"G.M. COLLIN PHYTODERM VALOMASIS ALIEJUS, 150ML - Beauty Charm","og_description":"Pristatome nauj\u0105 PHYTODERM\u2122 valom\u0105j\u012f aliej\u0173 \u2013 inovatyv\u0173 produkt\u0105, skirt\u0105 profesionaliam ir kasdieniam naudojimui, kuris taps nepakei\u010diama dvigubo valymo rutinos dalimi. Tai \u2013 \u0161velnus, efektyvus ir universalaus naudojimo sprendimas, pritaikytas visiems odos tipams. Privalumai: Bekvapis, efektyviai pa\u0161alina makia\u017e\u0105, SPF priemones ir susikaupusius ne\u0161varumus nuo veido, aki\u0173 ir l\u016bp\u0173. Emulsuojasi su vandeniu &#8211; lengvai nuplaunamas, nepalieka riebumoRead More","og_url":"https:\/\/beautycharm.lt\/en\/product\/g-m-collin-phytoderm-valomasis-aliejus-150ml\/","og_site_name":"Beauty Charm","article_publisher":"https:\/\/www.facebook.com\/faceandbodylines\/","article_modified_time":"2025-08-12T20:19:14+00:00","og_image":[{"width":1563,"height":1563,"url":"https:\/\/beautycharm.lt\/wp-content\/uploads\/2025\/07\/g-m-collin-phytoderm-valomasis-aliejus-150ml.png","type":"image\/png"}],"twitter_card":"summary_large_image","twitter_misc":{"Est. reading time":"1 minute"},"schema":{"@context":"https:\/\/schema.org","@graph":[{"@type":"WebPage","@id":"https:\/\/beautycharm.lt\/produktas\/g-m-collin-phytoderm-valomasis-aliejus-150ml\/","url":"https:\/\/beautycharm.lt\/produktas\/g-m-collin-phytoderm-valomasis-aliejus-150ml\/","name":"G.M. COLLIN PHYTODERM VALOMASIS ALIEJUS, 150ML - Beauty Charm","isPartOf":{"@id":"https:\/\/beautycharm.lt\/#website"},"primaryImageOfPage":{"@id":"https:\/\/beautycharm.lt\/produktas\/g-m-collin-phytoderm-valomasis-aliejus-150ml\/#primaryimage"},"image":{"@id":"https:\/\/beautycharm.lt\/produktas\/g-m-collin-phytoderm-valomasis-aliejus-150ml\/#primaryimage"},"thumbnailUrl":"https:\/\/beautycharm.lt\/wp-content\/uploads\/2025\/07\/g-m-collin-phytoderm-valomasis-aliejus-150ml.png","datePublished":"2025-07-15T10:56:04+00:00","dateModified":"2025-08-12T20:19:14+00:00","breadcrumb":{"@id":"https:\/\/beautycharm.lt\/produktas\/g-m-collin-phytoderm-valomasis-aliejus-150ml\/#breadcrumb"},"inLanguage":"en-US","potentialAction":[{"@type":"ReadAction","target":["https:\/\/beautycharm.lt\/produktas\/g-m-collin-phytoderm-valomasis-aliejus-150ml\/"]}]},{"@type":"ImageObject","inLanguage":"en-US","@id":"https:\/\/beautycharm.lt\/produktas\/g-m-collin-phytoderm-valomasis-aliejus-150ml\/#primaryimage","url":"https:\/\/beautycharm.lt\/wp-content\/uploads\/2025\/07\/g-m-collin-phytoderm-valomasis-aliejus-150ml.png","contentUrl":"https:\/\/beautycharm.lt\/wp-content\/uploads\/2025\/07\/g-m-collin-phytoderm-valomasis-aliejus-150ml.png","width":1563,"height":1563},{"@type":"BreadcrumbList","@id":"https:\/\/beautycharm.lt\/produktas\/g-m-collin-phytoderm-valomasis-aliejus-150ml\/#breadcrumb","itemListElement":[{"@type":"ListItem","position":1,"name":"Home","item":"https:\/\/beautycharm.lt\/"},{"@type":"ListItem","position":2,"name":"Parduotuv\u0117","item":"https:\/\/beautycharm.lt\/parduotuve\/"},{"@type":"ListItem","position":3,"name":"G.M. COLLIN PHYTODERM VALOMASIS ALIEJUS, 150ML"}]},{"@type":"WebSite","@id":"https:\/\/beautycharm.lt\/#website","url":"https:\/\/beautycharm.lt\/","name":"Beauty Charm","description":"Odos prie\u017ei\u016bra vyrams ir moterims","publisher":{"@id":"https:\/\/beautycharm.lt\/#organization"},"potentialAction":[{"@type":"SearchAction","target":{"@type":"EntryPoint","urlTemplate":"https:\/\/beautycharm.lt\/?s={search_term_string}"},"query-input":{"@type":"PropertyValueSpecification","valueRequired":true,"valueName":"search_term_string"}}],"inLanguage":"en-US"},{"@type":"Organization","@id":"https:\/\/beautycharm.lt\/#organization","name":"Beauty Charm","url":"https:\/\/beautycharm.lt\/","logo":{"@type":"ImageObject","inLanguage":"en-US","@id":"https:\/\/beautycharm.lt\/#\/schema\/logo\/image\/","url":"https:\/\/beautycharm.lt\/wp-content\/uploads\/2025\/08\/BeautyCharm_t_s-1.svg","contentUrl":"https:\/\/beautycharm.lt\/wp-content\/uploads\/2025\/08\/BeautyCharm_t_s-1.svg","width":148,"height":64,"caption":"Beauty Charm"},"image":{"@id":"https:\/\/beautycharm.lt\/#\/schema\/logo\/image\/"},"sameAs":["https:\/\/www.facebook.com\/faceandbodylines\/","https:\/\/www.instagram.com\/the_house_of_charm\/"]}]}},"_links":{"self":[{"href":"https:\/\/beautycharm.lt\/en\/wp-json\/wp\/v2\/product\/1794","targetHints":{"allow":["GET"]}}],"collection":[{"href":"https:\/\/beautycharm.lt\/en\/wp-json\/wp\/v2\/product"}],"about":[{"href":"https:\/\/beautycharm.lt\/en\/wp-json\/wp\/v2\/types\/product"}],"replies":[{"embeddable":true,"href":"https:\/\/beautycharm.lt\/en\/wp-json\/wp\/v2\/comments?post=1794"}],"wp:featuredmedia":[{"embeddable":true,"href":"https:\/\/beautycharm.lt\/en\/wp-json\/wp\/v2\/media\/1795"}],"wp:attachment":[{"href":"https:\/\/beautycharm.lt\/en\/wp-json\/wp\/v2\/media?parent=1794"}],"wp:term":[{"taxonomy":"product_brand","embeddable":true,"href":"https:\/\/beautycharm.lt\/en\/wp-json\/wp\/v2\/product_brand?post=1794"},{"taxonomy":"product_cat","embeddable":true,"href":"https:\/\/beautycharm.lt\/en\/wp-json\/wp\/v2\/product_cat?post=1794"},{"taxonomy":"product_tag","embeddable":true,"href":"https:\/\/beautycharm.lt\/en\/wp-json\/wp\/v2\/product_tag?post=1794"}],"curies":[{"name":"wp","href":"https:\/\/api.w.org\/{rel}","templated":true}]}}