{"id":925,"date":"2021-02-18T15:08:18","date_gmt":"2021-02-18T15:08:18","guid":{"rendered":"https:\/\/klbtheme.com\/cosmetsy\/?page_id=925"},"modified":"2025-08-14T10:52:00","modified_gmt":"2025-08-14T07:52:00","slug":"apie-mus","status":"publish","type":"page","link":"https:\/\/beautycharm.lt\/en\/apie-mus\/","title":{"rendered":"About Us"},"content":{"rendered":"<div data-elementor-type=\"wp-page\" data-elementor-id=\"925\" class=\"elementor elementor-925\">\n\t\t\t\t\t\t<section class=\"elementor-section elementor-top-section elementor-element elementor-element-bb19b76 elementor-section-full_width elementor-section-height-default elementor-section-height-default\" data-id=\"bb19b76\" data-element_type=\"section\" data-e-type=\"section\">\n\t\t\t\t\t\t<div class=\"elementor-container elementor-column-gap-no\">\n\t\t\t\t\t<div class=\"elementor-column elementor-col-100 elementor-top-column elementor-element elementor-element-38841d1\" data-id=\"38841d1\" data-element_type=\"column\" data-e-type=\"column\">\n\t\t\t<div class=\"elementor-widget-wrap elementor-element-populated\">\n\t\t\t\t\t\t<div class=\"elementor-element elementor-element-d701b4a elementor-widget elementor-widget-cosmetsy-breadcrumb\" data-id=\"d701b4a\" data-element_type=\"widget\" data-e-type=\"widget\" data-widget_type=\"cosmetsy-breadcrumb.default\">\n\t\t\t\t<div class=\"elementor-widget-container\">\n\t\t\t\t\t<div class=\"shop-page-header style-2\"><div class=\"container\"><div class=\"row\"><div class=\"col\"><ul class=\"breadcrumb-menu\"><li><a  href=\"https:\/\/beautycharm.lt\/en\" title=\"Home\" rel=\"bookmark\">Home<\/a> <\/li>  <\/ul><div class=\"shop-page-header--inner\"><div class=\"shop-page-header--title\"><h1 class=\"entry-title\">About Us<\/h1><div class=\"entry-description\"><p>Learn more <\/p><\/div><\/div><\/div><\/div><\/div><\/div><\/div>\t\t\t\t<\/div>\n\t\t\t\t<\/div>\n\t\t\t\t\t<\/div>\n\t\t<\/div>\n\t\t\t\t\t<\/div>\n\t\t<\/section>\n\t\t<div class=\"elementor-element elementor-element-6f0164b e-flex e-con-boxed e-con e-parent\" data-id=\"6f0164b\" data-element_type=\"container\" data-e-type=\"container\">\n\t\t\t\t\t<div class=\"e-con-inner\">\n\t\t\t\t<div class=\"elementor-element elementor-element-4790657 elementor-widget elementor-widget-cosmetsy-image-text-3\" data-id=\"4790657\" data-element_type=\"widget\" data-e-type=\"widget\" data-widget_type=\"cosmetsy-image-text-3.default\">\n\t\t\t\t<div class=\"elementor-widget-container\">\n\t\t\t\t\t<div class=\"module image-text style-4 mt-40 d-mt-140\"><div class=\"container\"><div class=\"row align-items-center\"><div class=\"col col-12 col-lg-6\"><div class=\"klb-imagetext3 module-block text\"><h6 class=\"entry-subtitle klb-type-1 f-size-11 mb-10 d-mb-24\">Welcome to BeautyCharm \u2013 <\/h6><h2 class=\"entry-title f-size-26 df-size-56 mb-20 d-mb-45\">A space where beauty meets naturalness, self-love, and gentle care for your skin.<\/h2><p class=\"f-size-15 mb-30 d-mb-70\">I am a beauty professional who works with clients every day, so I know very well how important it is to find not only effective but also safe and pleasant products for daily face and body care. BeautyCharm was born out of years of practice and a love for beauty rituals\u2014I wanted to create a place where everything would be selected with genuine care and sincere belief in what I offer.<\/p><\/div><div class=\"module-block image first mb-30 d-mb-0\"><img decoding=\"async\" src=\"https:\/\/beautycharm.lt\/wp-content\/uploads\/2025\/08\/image-text3-1.webp\" alt=\"image-text\"><\/div><\/div><div class=\"col col-12 col-lg-6\"><div class=\"module-block image d-mb-70 second mb-30 d-mb-0\"><img decoding=\"async\" src=\"https:\/\/beautycharm.lt\/wp-content\/uploads\/2025\/08\/BOGO-_IL-_CODE_SAVE50_Hero_Banner_4598c71b-c7e5-4647-bb18-d29dc7146e52_3804x2004.webp\" alt=\"image-text\"><\/div><div class=\"klb-secondimagetext3 module-block text\"><h6 class=\"entry-subtitle klb-type-1 f-size-11 d-mb-24\"><\/h6><h2 class=\"entry-title f-size-26 df-size-56 d-mb-45\"><\/h2><p class=\"f-size-15\">Here you will find carefully selected or specially created products for your face and body \u2013 from gentle cleansers and moisturizing creams to natural oils, serums, and scrubs. Everything you need to turn your daily rituals into a pleasant treat rather than a chore.<\/p><\/div><\/div><\/div><\/div><\/div>\t\t\t\t<\/div>\n\t\t\t\t<\/div>\n\t\t\t\t<div class=\"elementor-element elementor-element-a6516c3 elementor-widget elementor-widget-cosmetsy-image-text-5\" data-id=\"a6516c3\" data-element_type=\"widget\" data-e-type=\"widget\" data-widget_type=\"cosmetsy-image-text-5.default\">\n\t\t\t\t<div class=\"elementor-widget-container\">\n\t\t\t\t\t<div class=\"module image-text style-11\"><div class=\"container\"><div class=\"module--inner\"><div class=\"row no-gutters align-items-center\"><div class=\"col col-12 col-lg-6\"><div class=\"module-block image\"><img decoding=\"async\" src=\"https:\/\/beautycharm.lt\/wp-content\/uploads\/2025\/08\/BOGO-_IL-_CODE_SAVE50_Hero_Banner_4598c71b-c7e5-4647-bb18-d29dc7146e52_3804x2004-1-1-1.webp\" alt=\"img-text\"><\/div><\/div><div class=\"col col-12 col-lg-6\"><div class=\"module-block text\"><h6 class=\"entry-subtitle f-size-10 mb-20 d-mb-35\"><\/h6><h2 class=\"entry-title f-size-34 df-size-54 mb-20 d-mb-40\">BeautyCharm<\/h2><p class=\"mb-20 d-mb-40\">It's not just a store. It's an invitation to stop, breathe, look at yourself with kindness, and revive your inner charm.<\/p><a href=\"\/en\/parduotuve\/\"  class=\"button light medium wide\">Go shopping<\/a><\/div><\/div><\/div><\/div><\/div><\/div>\t\t\t\t<\/div>\n\t\t\t\t<\/div>\n\t\t\t\t\t<\/div>\n\t\t\t\t<\/div>\n\t\t\t\t<\/div>","protected":false},"excerpt":{"rendered":"<p>Home Apie mus Su\u017einokite daugiau Sveiki atvyk\u0119 \u012f BeautyCharm \u2013 Erdv\u0119, kur gro\u017eis susitinka su nat\u016bralumu, meile sau ir \u0161velniu r\u016bpes\u010diu savo oda. Esu gro\u017eio srities profesional\u0117, dirbanti su klient\u0117mis kiekvien\u0105 dien\u0105, tad puikiai \u017einau, kaip svarbu rasti ne tik veiksmingas, bet ir saugias, malonias priemones kasdienei veido ir k\u016bno prie\u017ei\u016brai. BeautyCharm gim\u0117 i\u0161 ilgamet\u0117s<\/p>\n<div class=\"klb-readmore entry-button\"><a class=\"button light alt medium\" href=\"https:\/\/beautycharm.lt\/en\/apie-mus\/\">Read More<\/a><\/div>","protected":false},"author":1,"featured_media":0,"parent":0,"menu_order":0,"comment_status":"closed","ping_status":"closed","template":"","meta":{"inline_featured_image":false,"footnotes":""},"class_list":["post-925","page","type-page","status-publish","hentry"],"yoast_head":"<!-- This site is optimized with the Yoast SEO plugin v27.4 - https:\/\/yoast.com\/product\/yoast-seo-wordpress\/ -->\n<title>Apie mus - Beauty Charm<\/title>\n<meta name=\"robots\" content=\"index, follow, max-snippet:-1, max-image-preview:large, max-video-preview:-1\" \/>\n<link rel=\"canonical\" href=\"https:\/\/beautycharm.lt\/en\/apie-mus\/\" \/>\n<meta property=\"og:locale\" content=\"en_US\" \/>\n<meta property=\"og:type\" content=\"article\" \/>\n<meta property=\"og:title\" content=\"Apie mus - Beauty Charm\" \/>\n<meta property=\"og:description\" content=\"Home Apie mus Su\u017einokite daugiau Sveiki atvyk\u0119 \u012f BeautyCharm \u2013 Erdv\u0119, kur gro\u017eis susitinka su nat\u016bralumu, meile sau ir \u0161velniu r\u016bpes\u010diu savo oda. Esu gro\u017eio srities profesional\u0117, dirbanti su klient\u0117mis kiekvien\u0105 dien\u0105, tad puikiai \u017einau, kaip svarbu rasti ne tik veiksmingas, bet ir saugias, malonias priemones kasdienei veido ir k\u016bno prie\u017ei\u016brai. BeautyCharm gim\u0117 i\u0161 ilgamet\u0117sRead More\" \/>\n<meta property=\"og:url\" content=\"https:\/\/beautycharm.lt\/en\/apie-mus\/\" \/>\n<meta property=\"og:site_name\" content=\"Beauty Charm\" \/>\n<meta property=\"article:publisher\" content=\"https:\/\/www.facebook.com\/faceandbodylines\/\" \/>\n<meta property=\"article:modified_time\" content=\"2025-08-14T07:52:00+00:00\" \/>\n<meta property=\"og:image\" content=\"https:\/\/beautycharm.lt\/wp-content\/uploads\/2025\/08\/image-text3-1.webp\" \/>\n<meta name=\"twitter:card\" content=\"summary_large_image\" \/>\n<meta name=\"twitter:label1\" content=\"Est. reading time\" \/>\n\t<meta name=\"twitter:data1\" content=\"2 minutes\" \/>\n<script type=\"application\/ld+json\" class=\"yoast-schema-graph\">{\"@context\":\"https:\\\/\\\/schema.org\",\"@graph\":[{\"@type\":\"WebPage\",\"@id\":\"https:\\\/\\\/beautycharm.lt\\\/apie-mus\\\/\",\"url\":\"https:\\\/\\\/beautycharm.lt\\\/apie-mus\\\/\",\"name\":\"Apie mus - Beauty Charm\",\"isPartOf\":{\"@id\":\"https:\\\/\\\/beautycharm.lt\\\/#website\"},\"primaryImageOfPage\":{\"@id\":\"https:\\\/\\\/beautycharm.lt\\\/apie-mus\\\/#primaryimage\"},\"image\":{\"@id\":\"https:\\\/\\\/beautycharm.lt\\\/apie-mus\\\/#primaryimage\"},\"thumbnailUrl\":\"https:\\\/\\\/beautycharm.lt\\\/wp-content\\\/uploads\\\/2025\\\/08\\\/image-text3-1.webp\",\"datePublished\":\"2021-02-18T15:08:18+00:00\",\"dateModified\":\"2025-08-14T07:52:00+00:00\",\"breadcrumb\":{\"@id\":\"https:\\\/\\\/beautycharm.lt\\\/apie-mus\\\/#breadcrumb\"},\"inLanguage\":\"en-US\",\"potentialAction\":[{\"@type\":\"ReadAction\",\"target\":[\"https:\\\/\\\/beautycharm.lt\\\/apie-mus\\\/\"]}]},{\"@type\":\"ImageObject\",\"inLanguage\":\"en-US\",\"@id\":\"https:\\\/\\\/beautycharm.lt\\\/apie-mus\\\/#primaryimage\",\"url\":\"https:\\\/\\\/beautycharm.lt\\\/wp-content\\\/uploads\\\/2025\\\/08\\\/image-text3-1.webp\",\"contentUrl\":\"https:\\\/\\\/beautycharm.lt\\\/wp-content\\\/uploads\\\/2025\\\/08\\\/image-text3-1.webp\"},{\"@type\":\"BreadcrumbList\",\"@id\":\"https:\\\/\\\/beautycharm.lt\\\/apie-mus\\\/#breadcrumb\",\"itemListElement\":[{\"@type\":\"ListItem\",\"position\":1,\"name\":\"Home\",\"item\":\"https:\\\/\\\/beautycharm.lt\\\/\"},{\"@type\":\"ListItem\",\"position\":2,\"name\":\"Apie mus\"}]},{\"@type\":\"WebSite\",\"@id\":\"https:\\\/\\\/beautycharm.lt\\\/#website\",\"url\":\"https:\\\/\\\/beautycharm.lt\\\/\",\"name\":\"Beauty Charm\",\"description\":\"Odos prie\u017ei\u016bra vyrams ir moterims\",\"publisher\":{\"@id\":\"https:\\\/\\\/beautycharm.lt\\\/#organization\"},\"potentialAction\":[{\"@type\":\"SearchAction\",\"target\":{\"@type\":\"EntryPoint\",\"urlTemplate\":\"https:\\\/\\\/beautycharm.lt\\\/?s={search_term_string}\"},\"query-input\":{\"@type\":\"PropertyValueSpecification\",\"valueRequired\":true,\"valueName\":\"search_term_string\"}}],\"inLanguage\":\"en-US\"},{\"@type\":\"Organization\",\"@id\":\"https:\\\/\\\/beautycharm.lt\\\/#organization\",\"name\":\"Beauty Charm\",\"url\":\"https:\\\/\\\/beautycharm.lt\\\/\",\"logo\":{\"@type\":\"ImageObject\",\"inLanguage\":\"en-US\",\"@id\":\"https:\\\/\\\/beautycharm.lt\\\/#\\\/schema\\\/logo\\\/image\\\/\",\"url\":\"https:\\\/\\\/beautycharm.lt\\\/wp-content\\\/uploads\\\/2025\\\/08\\\/BeautyCharm_t_s-1.svg\",\"contentUrl\":\"https:\\\/\\\/beautycharm.lt\\\/wp-content\\\/uploads\\\/2025\\\/08\\\/BeautyCharm_t_s-1.svg\",\"width\":148,\"height\":64,\"caption\":\"Beauty Charm\"},\"image\":{\"@id\":\"https:\\\/\\\/beautycharm.lt\\\/#\\\/schema\\\/logo\\\/image\\\/\"},\"sameAs\":[\"https:\\\/\\\/www.facebook.com\\\/faceandbodylines\\\/\",\"https:\\\/\\\/www.instagram.com\\\/the_house_of_charm\\\/\"]}]}<\/script>\n<!-- \/ Yoast SEO plugin. -->","yoast_head_json":{"title":"Apie mus - Beauty Charm","robots":{"index":"index","follow":"follow","max-snippet":"max-snippet:-1","max-image-preview":"max-image-preview:large","max-video-preview":"max-video-preview:-1"},"canonical":"https:\/\/beautycharm.lt\/en\/apie-mus\/","og_locale":"en_US","og_type":"article","og_title":"Apie mus - Beauty Charm","og_description":"Home Apie mus Su\u017einokite daugiau Sveiki atvyk\u0119 \u012f BeautyCharm \u2013 Erdv\u0119, kur gro\u017eis susitinka su nat\u016bralumu, meile sau ir \u0161velniu r\u016bpes\u010diu savo oda. Esu gro\u017eio srities profesional\u0117, dirbanti su klient\u0117mis kiekvien\u0105 dien\u0105, tad puikiai \u017einau, kaip svarbu rasti ne tik veiksmingas, bet ir saugias, malonias priemones kasdienei veido ir k\u016bno prie\u017ei\u016brai. BeautyCharm gim\u0117 i\u0161 ilgamet\u0117sRead More","og_url":"https:\/\/beautycharm.lt\/en\/apie-mus\/","og_site_name":"Beauty Charm","article_publisher":"https:\/\/www.facebook.com\/faceandbodylines\/","article_modified_time":"2025-08-14T07:52:00+00:00","og_image":[{"url":"https:\/\/beautycharm.lt\/wp-content\/uploads\/2025\/08\/image-text3-1.webp","type":"","width":"","height":""}],"twitter_card":"summary_large_image","twitter_misc":{"Est. reading time":"2 minutes"},"schema":{"@context":"https:\/\/schema.org","@graph":[{"@type":"WebPage","@id":"https:\/\/beautycharm.lt\/apie-mus\/","url":"https:\/\/beautycharm.lt\/apie-mus\/","name":"Apie mus - Beauty Charm","isPartOf":{"@id":"https:\/\/beautycharm.lt\/#website"},"primaryImageOfPage":{"@id":"https:\/\/beautycharm.lt\/apie-mus\/#primaryimage"},"image":{"@id":"https:\/\/beautycharm.lt\/apie-mus\/#primaryimage"},"thumbnailUrl":"https:\/\/beautycharm.lt\/wp-content\/uploads\/2025\/08\/image-text3-1.webp","datePublished":"2021-02-18T15:08:18+00:00","dateModified":"2025-08-14T07:52:00+00:00","breadcrumb":{"@id":"https:\/\/beautycharm.lt\/apie-mus\/#breadcrumb"},"inLanguage":"en-US","potentialAction":[{"@type":"ReadAction","target":["https:\/\/beautycharm.lt\/apie-mus\/"]}]},{"@type":"ImageObject","inLanguage":"en-US","@id":"https:\/\/beautycharm.lt\/apie-mus\/#primaryimage","url":"https:\/\/beautycharm.lt\/wp-content\/uploads\/2025\/08\/image-text3-1.webp","contentUrl":"https:\/\/beautycharm.lt\/wp-content\/uploads\/2025\/08\/image-text3-1.webp"},{"@type":"BreadcrumbList","@id":"https:\/\/beautycharm.lt\/apie-mus\/#breadcrumb","itemListElement":[{"@type":"ListItem","position":1,"name":"Home","item":"https:\/\/beautycharm.lt\/"},{"@type":"ListItem","position":2,"name":"Apie mus"}]},{"@type":"WebSite","@id":"https:\/\/beautycharm.lt\/#website","url":"https:\/\/beautycharm.lt\/","name":"Beauty Charm","description":"Odos prie\u017ei\u016bra vyrams ir moterims","publisher":{"@id":"https:\/\/beautycharm.lt\/#organization"},"potentialAction":[{"@type":"SearchAction","target":{"@type":"EntryPoint","urlTemplate":"https:\/\/beautycharm.lt\/?s={search_term_string}"},"query-input":{"@type":"PropertyValueSpecification","valueRequired":true,"valueName":"search_term_string"}}],"inLanguage":"en-US"},{"@type":"Organization","@id":"https:\/\/beautycharm.lt\/#organization","name":"Beauty Charm","url":"https:\/\/beautycharm.lt\/","logo":{"@type":"ImageObject","inLanguage":"en-US","@id":"https:\/\/beautycharm.lt\/#\/schema\/logo\/image\/","url":"https:\/\/beautycharm.lt\/wp-content\/uploads\/2025\/08\/BeautyCharm_t_s-1.svg","contentUrl":"https:\/\/beautycharm.lt\/wp-content\/uploads\/2025\/08\/BeautyCharm_t_s-1.svg","width":148,"height":64,"caption":"Beauty Charm"},"image":{"@id":"https:\/\/beautycharm.lt\/#\/schema\/logo\/image\/"},"sameAs":["https:\/\/www.facebook.com\/faceandbodylines\/","https:\/\/www.instagram.com\/the_house_of_charm\/"]}]}},"_links":{"self":[{"href":"https:\/\/beautycharm.lt\/en\/wp-json\/wp\/v2\/pages\/925","targetHints":{"allow":["GET"]}}],"collection":[{"href":"https:\/\/beautycharm.lt\/en\/wp-json\/wp\/v2\/pages"}],"about":[{"href":"https:\/\/beautycharm.lt\/en\/wp-json\/wp\/v2\/types\/page"}],"author":[{"embeddable":true,"href":"https:\/\/beautycharm.lt\/en\/wp-json\/wp\/v2\/users\/1"}],"replies":[{"embeddable":true,"href":"https:\/\/beautycharm.lt\/en\/wp-json\/wp\/v2\/comments?post=925"}],"version-history":[{"count":20,"href":"https:\/\/beautycharm.lt\/en\/wp-json\/wp\/v2\/pages\/925\/revisions"}],"predecessor-version":[{"id":2247,"href":"https:\/\/beautycharm.lt\/en\/wp-json\/wp\/v2\/pages\/925\/revisions\/2247"}],"wp:attachment":[{"href":"https:\/\/beautycharm.lt\/en\/wp-json\/wp\/v2\/media?parent=925"}],"curies":[{"name":"wp","href":"https:\/\/api.w.org\/{rel}","templated":true}]}}