{"id":1769,"date":"2025-06-17T18:43:11","date_gmt":"2025-06-17T18:43:11","guid":{"rendered":"https:\/\/beautycharm.lt\/?page_id=1769"},"modified":"2025-08-12T23:17:35","modified_gmt":"2025-08-12T20:17:35","slug":"parduotuves-taisykles","status":"publish","type":"page","link":"https:\/\/beautycharm.lt\/en\/parduotuves-taisykles\/","title":{"rendered":"Shop rules"},"content":{"rendered":"<p>Payment:<\/p>\n\n\n\n<ul class=\"wp-block-list\">\n<li>You can pay using Paysera and bank transfer, and the payment will be credited within a few minutes.<\/li>\n<\/ul>\n\n\n\n<p>Delivery:<\/p>\n\n\n\n<ul class=\"wp-block-list\">\n<li><strong>Terms:<\/strong>\u00a0We ship goods within 1-2 business days.<\/li>\n\n\n\n<li><strong>FREE shipping<\/strong>\u00a0purchases worth more than \u20ac50.<\/li>\n\n\n\n<li>We deliver shipments to OMNIVA, DPD, and LP Express parcel terminals.<\/li>\n\n\n\n<li><strong>Delivery cost:<\/strong>\u00a03,00 eur.<\/li>\n<\/ul>\n\n\n\n<p>Warranty:<strong><br><\/strong>Pursuant to Article 6.363(1)(10) of the Civil Code of the Republic of Lithuania, the seller shall be liable for defects in the item that become apparent within two years of the transfer of the item, unless a longer period is provided for by law or contract. The rights of the buyer set forth in this article are subject to a two-year statute of limitations.<\/p>","protected":false},"excerpt":{"rendered":"<p>Atsiskaitymas: Pristatymas: Garantija:Pagal LR Civilinio kodekso 6.363 straipsnio 1 dalies 10 punkt\u0105 pardav\u0117jas atsako u\u017e daikto tr\u016bkumus, kurie i\u0161ai\u0161k\u0117ja per dvejus metus nuo daikto perdavimo, jeigu \u012fstatymai ar sutartis nenumato ilgesnio termino. \u0160iame straipsnyje nustatytoms pirk\u0117jo teis\u0117ms taikomas dvej\u0173 met\u0173 ie\u0161kinio senaties terminas.<\/p>","protected":false},"author":1,"featured_media":0,"parent":0,"menu_order":0,"comment_status":"closed","ping_status":"closed","template":"","meta":{"inline_featured_image":false,"footnotes":""},"class_list":["post-1769","page","type-page","status-publish","hentry"],"yoast_head":"<!-- This site is optimized with the Yoast SEO plugin v27.4 - https:\/\/yoast.com\/product\/yoast-seo-wordpress\/ -->\n<title>Parduotuv\u0117s taisykl\u0117s - Beauty Charm<\/title>\n<meta name=\"robots\" content=\"index, follow, max-snippet:-1, max-image-preview:large, max-video-preview:-1\" \/>\n<link rel=\"canonical\" href=\"https:\/\/beautycharm.lt\/en\/parduotuves-taisykles\/\" \/>\n<meta property=\"og:locale\" content=\"en_US\" \/>\n<meta property=\"og:type\" content=\"article\" \/>\n<meta property=\"og:title\" content=\"Parduotuv\u0117s taisykl\u0117s - Beauty Charm\" \/>\n<meta property=\"og:description\" content=\"Atsiskaitymas: Pristatymas: Garantija:Pagal LR Civilinio kodekso 6.363 straipsnio 1 dalies 10 punkt\u0105 pardav\u0117jas atsako u\u017e daikto tr\u016bkumus, kurie i\u0161ai\u0161k\u0117ja per dvejus metus nuo daikto perdavimo, jeigu \u012fstatymai ar sutartis nenumato ilgesnio termino. \u0160iame straipsnyje nustatytoms pirk\u0117jo teis\u0117ms taikomas dvej\u0173 met\u0173 ie\u0161kinio senaties terminas.\" \/>\n<meta property=\"og:url\" content=\"https:\/\/beautycharm.lt\/en\/parduotuves-taisykles\/\" \/>\n<meta property=\"og:site_name\" content=\"Beauty Charm\" \/>\n<meta property=\"article:publisher\" content=\"https:\/\/www.facebook.com\/faceandbodylines\/\" \/>\n<meta property=\"article:modified_time\" content=\"2025-08-12T20:17:35+00:00\" \/>\n<meta name=\"twitter:card\" content=\"summary_large_image\" \/>\n<script type=\"application\/ld+json\" class=\"yoast-schema-graph\">{\"@context\":\"https:\\\/\\\/schema.org\",\"@graph\":[{\"@type\":\"WebPage\",\"@id\":\"https:\\\/\\\/beautycharm.lt\\\/parduotuves-taisykles\\\/\",\"url\":\"https:\\\/\\\/beautycharm.lt\\\/parduotuves-taisykles\\\/\",\"name\":\"Parduotuv\u0117s taisykl\u0117s - Beauty Charm\",\"isPartOf\":{\"@id\":\"https:\\\/\\\/beautycharm.lt\\\/#website\"},\"datePublished\":\"2025-06-17T18:43:11+00:00\",\"dateModified\":\"2025-08-12T20:17:35+00:00\",\"breadcrumb\":{\"@id\":\"https:\\\/\\\/beautycharm.lt\\\/parduotuves-taisykles\\\/#breadcrumb\"},\"inLanguage\":\"en-US\",\"potentialAction\":[{\"@type\":\"ReadAction\",\"target\":[\"https:\\\/\\\/beautycharm.lt\\\/parduotuves-taisykles\\\/\"]}]},{\"@type\":\"BreadcrumbList\",\"@id\":\"https:\\\/\\\/beautycharm.lt\\\/parduotuves-taisykles\\\/#breadcrumb\",\"itemListElement\":[{\"@type\":\"ListItem\",\"position\":1,\"name\":\"Home\",\"item\":\"https:\\\/\\\/beautycharm.lt\\\/\"},{\"@type\":\"ListItem\",\"position\":2,\"name\":\"Parduotuv\u0117s taisykl\u0117s\"}]},{\"@type\":\"WebSite\",\"@id\":\"https:\\\/\\\/beautycharm.lt\\\/#website\",\"url\":\"https:\\\/\\\/beautycharm.lt\\\/\",\"name\":\"Beauty Charm\",\"description\":\"Odos prie\u017ei\u016bra vyrams ir moterims\",\"publisher\":{\"@id\":\"https:\\\/\\\/beautycharm.lt\\\/#organization\"},\"potentialAction\":[{\"@type\":\"SearchAction\",\"target\":{\"@type\":\"EntryPoint\",\"urlTemplate\":\"https:\\\/\\\/beautycharm.lt\\\/?s={search_term_string}\"},\"query-input\":{\"@type\":\"PropertyValueSpecification\",\"valueRequired\":true,\"valueName\":\"search_term_string\"}}],\"inLanguage\":\"en-US\"},{\"@type\":\"Organization\",\"@id\":\"https:\\\/\\\/beautycharm.lt\\\/#organization\",\"name\":\"Beauty Charm\",\"url\":\"https:\\\/\\\/beautycharm.lt\\\/\",\"logo\":{\"@type\":\"ImageObject\",\"inLanguage\":\"en-US\",\"@id\":\"https:\\\/\\\/beautycharm.lt\\\/#\\\/schema\\\/logo\\\/image\\\/\",\"url\":\"https:\\\/\\\/beautycharm.lt\\\/wp-content\\\/uploads\\\/2025\\\/08\\\/BeautyCharm_t_s-1.svg\",\"contentUrl\":\"https:\\\/\\\/beautycharm.lt\\\/wp-content\\\/uploads\\\/2025\\\/08\\\/BeautyCharm_t_s-1.svg\",\"width\":148,\"height\":64,\"caption\":\"Beauty Charm\"},\"image\":{\"@id\":\"https:\\\/\\\/beautycharm.lt\\\/#\\\/schema\\\/logo\\\/image\\\/\"},\"sameAs\":[\"https:\\\/\\\/www.facebook.com\\\/faceandbodylines\\\/\",\"https:\\\/\\\/www.instagram.com\\\/the_house_of_charm\\\/\"]}]}<\/script>\n<!-- \/ Yoast SEO plugin. -->","yoast_head_json":{"title":"Parduotuv\u0117s taisykl\u0117s - Beauty Charm","robots":{"index":"index","follow":"follow","max-snippet":"max-snippet:-1","max-image-preview":"max-image-preview:large","max-video-preview":"max-video-preview:-1"},"canonical":"https:\/\/beautycharm.lt\/en\/parduotuves-taisykles\/","og_locale":"en_US","og_type":"article","og_title":"Parduotuv\u0117s taisykl\u0117s - Beauty Charm","og_description":"Atsiskaitymas: Pristatymas: Garantija:Pagal LR Civilinio kodekso 6.363 straipsnio 1 dalies 10 punkt\u0105 pardav\u0117jas atsako u\u017e daikto tr\u016bkumus, kurie i\u0161ai\u0161k\u0117ja per dvejus metus nuo daikto perdavimo, jeigu \u012fstatymai ar sutartis nenumato ilgesnio termino. \u0160iame straipsnyje nustatytoms pirk\u0117jo teis\u0117ms taikomas dvej\u0173 met\u0173 ie\u0161kinio senaties terminas.","og_url":"https:\/\/beautycharm.lt\/en\/parduotuves-taisykles\/","og_site_name":"Beauty Charm","article_publisher":"https:\/\/www.facebook.com\/faceandbodylines\/","article_modified_time":"2025-08-12T20:17:35+00:00","twitter_card":"summary_large_image","schema":{"@context":"https:\/\/schema.org","@graph":[{"@type":"WebPage","@id":"https:\/\/beautycharm.lt\/parduotuves-taisykles\/","url":"https:\/\/beautycharm.lt\/parduotuves-taisykles\/","name":"Parduotuv\u0117s taisykl\u0117s - Beauty Charm","isPartOf":{"@id":"https:\/\/beautycharm.lt\/#website"},"datePublished":"2025-06-17T18:43:11+00:00","dateModified":"2025-08-12T20:17:35+00:00","breadcrumb":{"@id":"https:\/\/beautycharm.lt\/parduotuves-taisykles\/#breadcrumb"},"inLanguage":"en-US","potentialAction":[{"@type":"ReadAction","target":["https:\/\/beautycharm.lt\/parduotuves-taisykles\/"]}]},{"@type":"BreadcrumbList","@id":"https:\/\/beautycharm.lt\/parduotuves-taisykles\/#breadcrumb","itemListElement":[{"@type":"ListItem","position":1,"name":"Home","item":"https:\/\/beautycharm.lt\/"},{"@type":"ListItem","position":2,"name":"Parduotuv\u0117s taisykl\u0117s"}]},{"@type":"WebSite","@id":"https:\/\/beautycharm.lt\/#website","url":"https:\/\/beautycharm.lt\/","name":"Beauty Charm","description":"Odos prie\u017ei\u016bra vyrams ir moterims","publisher":{"@id":"https:\/\/beautycharm.lt\/#organization"},"potentialAction":[{"@type":"SearchAction","target":{"@type":"EntryPoint","urlTemplate":"https:\/\/beautycharm.lt\/?s={search_term_string}"},"query-input":{"@type":"PropertyValueSpecification","valueRequired":true,"valueName":"search_term_string"}}],"inLanguage":"en-US"},{"@type":"Organization","@id":"https:\/\/beautycharm.lt\/#organization","name":"Beauty Charm","url":"https:\/\/beautycharm.lt\/","logo":{"@type":"ImageObject","inLanguage":"en-US","@id":"https:\/\/beautycharm.lt\/#\/schema\/logo\/image\/","url":"https:\/\/beautycharm.lt\/wp-content\/uploads\/2025\/08\/BeautyCharm_t_s-1.svg","contentUrl":"https:\/\/beautycharm.lt\/wp-content\/uploads\/2025\/08\/BeautyCharm_t_s-1.svg","width":148,"height":64,"caption":"Beauty Charm"},"image":{"@id":"https:\/\/beautycharm.lt\/#\/schema\/logo\/image\/"},"sameAs":["https:\/\/www.facebook.com\/faceandbodylines\/","https:\/\/www.instagram.com\/the_house_of_charm\/"]}]}},"_links":{"self":[{"href":"https:\/\/beautycharm.lt\/en\/wp-json\/wp\/v2\/pages\/1769","targetHints":{"allow":["GET"]}}],"collection":[{"href":"https:\/\/beautycharm.lt\/en\/wp-json\/wp\/v2\/pages"}],"about":[{"href":"https:\/\/beautycharm.lt\/en\/wp-json\/wp\/v2\/types\/page"}],"author":[{"embeddable":true,"href":"https:\/\/beautycharm.lt\/en\/wp-json\/wp\/v2\/users\/1"}],"replies":[{"embeddable":true,"href":"https:\/\/beautycharm.lt\/en\/wp-json\/wp\/v2\/comments?post=1769"}],"version-history":[{"count":3,"href":"https:\/\/beautycharm.lt\/en\/wp-json\/wp\/v2\/pages\/1769\/revisions"}],"predecessor-version":[{"id":2165,"href":"https:\/\/beautycharm.lt\/en\/wp-json\/wp\/v2\/pages\/1769\/revisions\/2165"}],"wp:attachment":[{"href":"https:\/\/beautycharm.lt\/en\/wp-json\/wp\/v2\/media?parent=1769"}],"curies":[{"name":"wp","href":"https:\/\/api.w.org\/{rel}","templated":true}]}}