{"id":11,"date":"2025-08-07T20:33:33","date_gmt":"2025-08-07T17:33:33","guid":{"rendered":"http:\/\/beautycharm.lt\/?page_id=11"},"modified":"2025-08-12T23:17:35","modified_gmt":"2025-08-12T20:17:35","slug":"prekiu-pristatymas-ir-grazinimas","status":"publish","type":"page","link":"https:\/\/beautycharm.lt\/en\/prekiu-pristatymas-ir-grazinimas\/","title":{"rendered":"Delivery and return of goods"},"content":{"rendered":"<h2 class=\"wp-block-heading\">Delivery of goods<\/h2>\n\n\n\n<p><strong>We deliver goods ordered from the BEAUTYCHARM online store throughout Lithuania via reliable partners: Omniva, LP Express, and DPD.<\/strong><\/p>\n\n\n\n<p>Available delivery methods:<\/p>\n\n\n\n<ul class=\"wp-block-list\">\n<li><strong>Post offices<\/strong> \u2013 Conveniently pick up your order at your nearest Omniva, LP Express, or DPD parcel terminal.<\/li>\n<\/ul>\n\n\n\n<p>The delivery price and time depend on the delivery method you choose. Usually, goods are delivered within <strong>1\u20133 business days<\/strong> after order confirmation.<\/p>\n\n\n\n<div style=\"height:40px\" aria-hidden=\"true\" class=\"wp-block-spacer\"><\/div>\n\n\n\n<h2 class=\"wp-block-heading\">Return of goods<\/h2>\n\n\n\n<p><strong>Items purchased from the BEAUTYCHARM online store can be returned within 14 days of the date of receipt.\u00a0<\/strong><\/p>\n\n\n\n<p>Only goods that meet the following conditions can be returned:<\/p>\n\n\n\n<ul class=\"wp-block-list\">\n<li>The product must be in its original packaging with the outer film intact.<\/li>\n\n\n\n<li>The product must be undamaged and unused.<\/li>\n\n\n\n<li>The quantity of goods must correspond to the quantity indicated on the packaging.<\/li>\n\n\n\n<li>Returned goods must be in saleable condition (unopened packaging, stickers intact, etc.).<\/li>\n<\/ul>\n\n\n\n<p>To return a product, please contact us by email.&nbsp;<a href=\"mailto:info@beautycharm.lt\" target=\"_blank\" rel=\"noreferrer noopener\">info@beautycharm.lt<\/a>&nbsp;and we will send you a return form.<\/p>\n\n\n\n<p>If the goods are returned through no fault of the Seller, the buyer must cover the costs of returning the goods, or if the goods are returned when the Seller orders a courier to pick them up, the costs incurred by the Seller in ordering the courier service will be deducted from the amount of the refund.&nbsp;<\/p>\n\n\n\n<p><\/p>","protected":false},"excerpt":{"rendered":"<p>Preki\u0173 pristatymas BEAUTYCHARM elektronin\u0117je parduotuv\u0117je u\u017esakytas prekes pristatome \u012f vis\u0105 Lietuv\u0105 per patikimus partnerius: Omniva, LP Express ir DPD. Galimi pristatymo b\u016bdai: Pristatymo kaina ir terminas priklauso nuo pasirinkto pristatymo b\u016bdo. \u012eprastai prek\u0117s pristatomos per 1\u20133 darbo dienas po u\u017esakymo patvirtinimo. Preki\u0173 gr\u0105\u017einimas BEAUTYCHARM elektronin\u0117je parduotuv\u0117je \u012fsigytas prekes galima gr\u0105\u017einti per 14\u00a0dien\u0173 nuo prek\u0117s gavimo<\/p>\n<div class=\"klb-readmore entry-button\"><a class=\"button light alt medium\" href=\"https:\/\/beautycharm.lt\/en\/prekiu-pristatymas-ir-grazinimas\/\">Read More<\/a><\/div>","protected":false},"author":1,"featured_media":0,"parent":0,"menu_order":0,"comment_status":"closed","ping_status":"closed","template":"","meta":{"inline_featured_image":false,"footnotes":""},"class_list":["post-11","page","type-page","status-publish","hentry"],"yoast_head":"<!-- This site is optimized with the Yoast SEO plugin v27.4 - https:\/\/yoast.com\/product\/yoast-seo-wordpress\/ -->\n<title>Preki\u0173 pristatymas ir gr\u0105\u017einimas - Beauty Charm<\/title>\n<meta name=\"robots\" content=\"index, follow, max-snippet:-1, max-image-preview:large, max-video-preview:-1\" \/>\n<link rel=\"canonical\" href=\"https:\/\/beautycharm.lt\/en\/prekiu-pristatymas-ir-grazinimas\/\" \/>\n<meta property=\"og:locale\" content=\"en_US\" \/>\n<meta property=\"og:type\" content=\"article\" \/>\n<meta property=\"og:title\" content=\"Preki\u0173 pristatymas ir gr\u0105\u017einimas - Beauty Charm\" \/>\n<meta property=\"og:description\" content=\"Preki\u0173 pristatymas BEAUTYCHARM elektronin\u0117je parduotuv\u0117je u\u017esakytas prekes pristatome \u012f vis\u0105 Lietuv\u0105 per patikimus partnerius: Omniva, LP Express ir DPD. Galimi pristatymo b\u016bdai: Pristatymo kaina ir terminas priklauso nuo pasirinkto pristatymo b\u016bdo. \u012eprastai prek\u0117s pristatomos per 1\u20133 darbo dienas po u\u017esakymo patvirtinimo. Preki\u0173 gr\u0105\u017einimas BEAUTYCHARM elektronin\u0117je parduotuv\u0117je \u012fsigytas prekes galima gr\u0105\u017einti per 14\u00a0dien\u0173 nuo prek\u0117s gavimoRead More\" \/>\n<meta property=\"og:url\" content=\"https:\/\/beautycharm.lt\/en\/prekiu-pristatymas-ir-grazinimas\/\" \/>\n<meta property=\"og:site_name\" content=\"Beauty Charm\" \/>\n<meta property=\"article:publisher\" content=\"https:\/\/www.facebook.com\/faceandbodylines\/\" \/>\n<meta property=\"article:modified_time\" content=\"2025-08-12T20:17:35+00:00\" \/>\n<meta name=\"twitter:card\" content=\"summary_large_image\" \/>\n<meta name=\"twitter:label1\" content=\"Est. reading time\" \/>\n\t<meta name=\"twitter:data1\" content=\"1 minute\" \/>\n<script type=\"application\/ld+json\" class=\"yoast-schema-graph\">{\"@context\":\"https:\\\/\\\/schema.org\",\"@graph\":[{\"@type\":\"WebPage\",\"@id\":\"https:\\\/\\\/beautycharm.lt\\\/prekiu-pristatymas-ir-grazinimas\\\/\",\"url\":\"https:\\\/\\\/beautycharm.lt\\\/prekiu-pristatymas-ir-grazinimas\\\/\",\"name\":\"Preki\u0173 pristatymas ir gr\u0105\u017einimas - Beauty Charm\",\"isPartOf\":{\"@id\":\"https:\\\/\\\/beautycharm.lt\\\/#website\"},\"datePublished\":\"2025-08-07T17:33:33+00:00\",\"dateModified\":\"2025-08-12T20:17:35+00:00\",\"breadcrumb\":{\"@id\":\"https:\\\/\\\/beautycharm.lt\\\/prekiu-pristatymas-ir-grazinimas\\\/#breadcrumb\"},\"inLanguage\":\"en-US\",\"potentialAction\":[{\"@type\":\"ReadAction\",\"target\":[\"https:\\\/\\\/beautycharm.lt\\\/prekiu-pristatymas-ir-grazinimas\\\/\"]}]},{\"@type\":\"BreadcrumbList\",\"@id\":\"https:\\\/\\\/beautycharm.lt\\\/prekiu-pristatymas-ir-grazinimas\\\/#breadcrumb\",\"itemListElement\":[{\"@type\":\"ListItem\",\"position\":1,\"name\":\"Home\",\"item\":\"https:\\\/\\\/beautycharm.lt\\\/\"},{\"@type\":\"ListItem\",\"position\":2,\"name\":\"Preki\u0173 pristatymas ir gr\u0105\u017einimas\"}]},{\"@type\":\"WebSite\",\"@id\":\"https:\\\/\\\/beautycharm.lt\\\/#website\",\"url\":\"https:\\\/\\\/beautycharm.lt\\\/\",\"name\":\"Beauty Charm\",\"description\":\"Odos prie\u017ei\u016bra vyrams ir moterims\",\"publisher\":{\"@id\":\"https:\\\/\\\/beautycharm.lt\\\/#organization\"},\"potentialAction\":[{\"@type\":\"SearchAction\",\"target\":{\"@type\":\"EntryPoint\",\"urlTemplate\":\"https:\\\/\\\/beautycharm.lt\\\/?s={search_term_string}\"},\"query-input\":{\"@type\":\"PropertyValueSpecification\",\"valueRequired\":true,\"valueName\":\"search_term_string\"}}],\"inLanguage\":\"en-US\"},{\"@type\":\"Organization\",\"@id\":\"https:\\\/\\\/beautycharm.lt\\\/#organization\",\"name\":\"Beauty Charm\",\"url\":\"https:\\\/\\\/beautycharm.lt\\\/\",\"logo\":{\"@type\":\"ImageObject\",\"inLanguage\":\"en-US\",\"@id\":\"https:\\\/\\\/beautycharm.lt\\\/#\\\/schema\\\/logo\\\/image\\\/\",\"url\":\"https:\\\/\\\/beautycharm.lt\\\/wp-content\\\/uploads\\\/2025\\\/08\\\/BeautyCharm_t_s-1.svg\",\"contentUrl\":\"https:\\\/\\\/beautycharm.lt\\\/wp-content\\\/uploads\\\/2025\\\/08\\\/BeautyCharm_t_s-1.svg\",\"width\":148,\"height\":64,\"caption\":\"Beauty Charm\"},\"image\":{\"@id\":\"https:\\\/\\\/beautycharm.lt\\\/#\\\/schema\\\/logo\\\/image\\\/\"},\"sameAs\":[\"https:\\\/\\\/www.facebook.com\\\/faceandbodylines\\\/\",\"https:\\\/\\\/www.instagram.com\\\/the_house_of_charm\\\/\"]}]}<\/script>\n<!-- \/ Yoast SEO plugin. -->","yoast_head_json":{"title":"Preki\u0173 pristatymas ir gr\u0105\u017einimas - Beauty Charm","robots":{"index":"index","follow":"follow","max-snippet":"max-snippet:-1","max-image-preview":"max-image-preview:large","max-video-preview":"max-video-preview:-1"},"canonical":"https:\/\/beautycharm.lt\/en\/prekiu-pristatymas-ir-grazinimas\/","og_locale":"en_US","og_type":"article","og_title":"Preki\u0173 pristatymas ir gr\u0105\u017einimas - Beauty Charm","og_description":"Preki\u0173 pristatymas BEAUTYCHARM elektronin\u0117je parduotuv\u0117je u\u017esakytas prekes pristatome \u012f vis\u0105 Lietuv\u0105 per patikimus partnerius: Omniva, LP Express ir DPD. Galimi pristatymo b\u016bdai: Pristatymo kaina ir terminas priklauso nuo pasirinkto pristatymo b\u016bdo. \u012eprastai prek\u0117s pristatomos per 1\u20133 darbo dienas po u\u017esakymo patvirtinimo. Preki\u0173 gr\u0105\u017einimas BEAUTYCHARM elektronin\u0117je parduotuv\u0117je \u012fsigytas prekes galima gr\u0105\u017einti per 14\u00a0dien\u0173 nuo prek\u0117s gavimoRead More","og_url":"https:\/\/beautycharm.lt\/en\/prekiu-pristatymas-ir-grazinimas\/","og_site_name":"Beauty Charm","article_publisher":"https:\/\/www.facebook.com\/faceandbodylines\/","article_modified_time":"2025-08-12T20:17:35+00:00","twitter_card":"summary_large_image","twitter_misc":{"Est. reading time":"1 minute"},"schema":{"@context":"https:\/\/schema.org","@graph":[{"@type":"WebPage","@id":"https:\/\/beautycharm.lt\/prekiu-pristatymas-ir-grazinimas\/","url":"https:\/\/beautycharm.lt\/prekiu-pristatymas-ir-grazinimas\/","name":"Preki\u0173 pristatymas ir gr\u0105\u017einimas - Beauty Charm","isPartOf":{"@id":"https:\/\/beautycharm.lt\/#website"},"datePublished":"2025-08-07T17:33:33+00:00","dateModified":"2025-08-12T20:17:35+00:00","breadcrumb":{"@id":"https:\/\/beautycharm.lt\/prekiu-pristatymas-ir-grazinimas\/#breadcrumb"},"inLanguage":"en-US","potentialAction":[{"@type":"ReadAction","target":["https:\/\/beautycharm.lt\/prekiu-pristatymas-ir-grazinimas\/"]}]},{"@type":"BreadcrumbList","@id":"https:\/\/beautycharm.lt\/prekiu-pristatymas-ir-grazinimas\/#breadcrumb","itemListElement":[{"@type":"ListItem","position":1,"name":"Home","item":"https:\/\/beautycharm.lt\/"},{"@type":"ListItem","position":2,"name":"Preki\u0173 pristatymas ir gr\u0105\u017einimas"}]},{"@type":"WebSite","@id":"https:\/\/beautycharm.lt\/#website","url":"https:\/\/beautycharm.lt\/","name":"Beauty Charm","description":"Odos prie\u017ei\u016bra vyrams ir moterims","publisher":{"@id":"https:\/\/beautycharm.lt\/#organization"},"potentialAction":[{"@type":"SearchAction","target":{"@type":"EntryPoint","urlTemplate":"https:\/\/beautycharm.lt\/?s={search_term_string}"},"query-input":{"@type":"PropertyValueSpecification","valueRequired":true,"valueName":"search_term_string"}}],"inLanguage":"en-US"},{"@type":"Organization","@id":"https:\/\/beautycharm.lt\/#organization","name":"Beauty Charm","url":"https:\/\/beautycharm.lt\/","logo":{"@type":"ImageObject","inLanguage":"en-US","@id":"https:\/\/beautycharm.lt\/#\/schema\/logo\/image\/","url":"https:\/\/beautycharm.lt\/wp-content\/uploads\/2025\/08\/BeautyCharm_t_s-1.svg","contentUrl":"https:\/\/beautycharm.lt\/wp-content\/uploads\/2025\/08\/BeautyCharm_t_s-1.svg","width":148,"height":64,"caption":"Beauty Charm"},"image":{"@id":"https:\/\/beautycharm.lt\/#\/schema\/logo\/image\/"},"sameAs":["https:\/\/www.facebook.com\/faceandbodylines\/","https:\/\/www.instagram.com\/the_house_of_charm\/"]}]}},"_links":{"self":[{"href":"https:\/\/beautycharm.lt\/en\/wp-json\/wp\/v2\/pages\/11","targetHints":{"allow":["GET"]}}],"collection":[{"href":"https:\/\/beautycharm.lt\/en\/wp-json\/wp\/v2\/pages"}],"about":[{"href":"https:\/\/beautycharm.lt\/en\/wp-json\/wp\/v2\/types\/page"}],"author":[{"embeddable":true,"href":"https:\/\/beautycharm.lt\/en\/wp-json\/wp\/v2\/users\/1"}],"replies":[{"embeddable":true,"href":"https:\/\/beautycharm.lt\/en\/wp-json\/wp\/v2\/comments?post=11"}],"version-history":[{"count":10,"href":"https:\/\/beautycharm.lt\/en\/wp-json\/wp\/v2\/pages\/11\/revisions"}],"predecessor-version":[{"id":2161,"href":"https:\/\/beautycharm.lt\/en\/wp-json\/wp\/v2\/pages\/11\/revisions\/2161"}],"wp:attachment":[{"href":"https:\/\/beautycharm.lt\/en\/wp-json\/wp\/v2\/media?parent=11"}],"curies":[{"name":"wp","href":"https:\/\/api.w.org\/{rel}","templated":true}]}}